{"id":45,"date":"2020-10-13T22:55:13","date_gmt":"2020-10-13T22:55:13","guid":{"rendered":"https:\/\/solar2.standardof.net\/?page_id=45"},"modified":"2020-10-15T14:34:57","modified_gmt":"2020-10-15T14:34:57","slug":"flying-blind-achievement","status":"publish","type":"page","link":"https:\/\/solar2.standardof.net\/pt\/solar-2-guide\/estagio-de-buraco-negro-2\/voando-cego-conquista-2\/","title":{"rendered":"Conquista de \u201cFlying Blind\u201d"},"content":{"rendered":"<figure class=\"wp-block-gallery columns-2 is-cropped wp-block-gallery-1 is-layout-flex wp-block-gallery-is-layout-flex\"><ul class=\"blocks-gallery-grid\"><li class=\"blocks-gallery-item\"><figure><img decoding=\"async\" width=\"1024\" height=\"576\" src=\"https:\/\/solar2.standardof.net\/wp-content\/uploads\/sites\/2\/2020\/10\/Solar-2-Black-Hole-Flying-Blind-Achievement-1024x576.jpg\" alt=\"Solar 2: Flying Blind\" data-id=\"47\" data-full-url=\"https:\/\/solar2.standardof.net\/wp-content\/uploads\/sites\/2\/2020\/10\/Solar-2-Black-Hole-Flying-Blind-Achievement.jpg\" data-link=\"https:\/\/solar2.standardof.net\/?attachment_id=47\" class=\"wp-image-47\" srcset=\"https:\/\/solar2.standardof.net\/wp-content\/uploads\/sites\/2\/2020\/10\/Solar-2-Black-Hole-Flying-Blind-Achievement-1024x576.jpg 1024w, https:\/\/solar2.standardof.net\/wp-content\/uploads\/sites\/2\/2020\/10\/Solar-2-Black-Hole-Flying-Blind-Achievement.jpg 1280w\" sizes=\"(max-width: 1024px) 100vw, 1024px\" \/><figcaption class=\"blocks-gallery-item__caption\">Ir para a conquista Flying Blind.<\/figcaption><\/figure><\/li><li class=\"blocks-gallery-item\"><figure><img decoding=\"async\" src=\"https:\/\/solar2.standardof.net\/wp-content\/uploads\/sites\/2\/2020\/10\/Solar-2-Black-Hole-Flying-Blind-Achievement-2-1024x576.jpg\" alt=\"Solar 2: Flying Blind\" data-id=\"46\" data-full-url=\"https:\/\/solar2.standardof.net\/wp-content\/uploads\/sites\/2\/2020\/10\/Solar-2-Black-Hole-Flying-Blind-Achievement-2.jpg\" data-link=\"https:\/\/solar2.standardof.net\/?attachment_id=46\" class=\"wp-image-46\"\/><\/figure><\/li><\/ul><\/figure>\n\n\n\n<p>A conquista Flying Blind em <em>Solar 2<\/em> requer que voc\u00ea v\u00e1 do Buraco Negro (menos de 150.000 de massa, ou basicamente um novo spawn b\u00e1sico) at\u00e9 o Big Crunch sem o uso da Interface. A interface \u00e9 acionada pela tecla I no PC e n\u00e3o \u00e9 apenas o que liga e desliga a leitura de sua massa atual, mas tamb\u00e9m significa que n\u00e3o h\u00e1 mais indicadores vermelhos quando h\u00e1 buracos negros pr\u00f3ximos que s\u00e3o maiores do que voc\u00ea.<\/p>\n\n\n\n<p>A falta de um indicador de alerta vermelho causa duas complica\u00e7\u00f5es principais que teremos que compensar, primeiro sendo que os buracos negros significativamente maiores ser\u00e3o agora uma grande amea\u00e7a, nos for\u00e7ando a encontrar outros meios de detectar sua presen\u00e7a pr\u00f3xima e, em segundo lugar, que n\u00e3o podemos ganhe o m\u00e1ximo de massa com o consumo desenfreado de outros buracos negros, tendo que evit\u00e1-los com mais frequ\u00eancia por motivos de seguran\u00e7a.<\/p>\n\n\n\n<p>Em primeiro lugar, teremos que observar todos os buracos negros que chegarmos perto o suficiente para realmente ver, girando e correndo se eles forem maiores que um ponto, a menos que voc\u00ea tenha certeza absoluta de que \u00e9 o maior dos dois. Na maioria das vezes, voc\u00ea desejar\u00e1 evit\u00e1-los, pois mesmo assim eles podem ocultar a presen\u00e7a de outro buraco negro maior dos m\u00e9todos que usaremos para detectar sua presen\u00e7a.<\/p>\n\n\n\n<p>Para ver os buracos negros que podem estar pr\u00f3ximos, certifique-se de ligar a chave de caminho (P) que voc\u00ea tem permiss\u00e3o para usar para a conquista Flying Blind. Tente ver se h\u00e1 alguns desvios anormais na atra\u00e7\u00e3o de objetos pr\u00f3ximos, e se voc\u00ea pode ver aster\u00f3ides, planetas ou estrelas sendo afastados, \u00e9 prov\u00e1vel que seja um sinal de um buraco negro com uma gravidade bem mais forte do que a sua, ou seja, Maior, hora de correr.<\/p>\n\n\n\n<p>Se acontecer de voc\u00ea ser pego pela atra\u00e7\u00e3o de um grande buraco negro, sua melhor chance de escapar \u00e9 o m\u00e9todo de estilingue, exigindo que voc\u00ea viaje em dire\u00e7\u00e3o ao buraco negro, mas em um \u00e2ngulo que o envia perto o suficiente para que seja puxado combinado com seu a acelera\u00e7\u00e3o far\u00e1 com que voc\u00ea passe por ele e fique fora de seu alcance.<\/p>\n\n\n\n<hr class=\"wp-block-separator\"\/>\n\n\n\n<h3 class=\"wp-block-heading\">Guia em v\u00eddeo da realiza\u00e7\u00e3o \u201cFlying Blind\u201d<\/h3>\n\n\n\n<figure class=\"wp-block-embed-youtube wp-block-embed is-type-video is-provider-youtube wp-embed-aspect-16-9 wp-has-aspect-ratio\"><div class=\"wp-block-embed__wrapper\">\n<div class=\"ast-oembed-container\" style=\"height: 100%;\"><iframe title=\"Solar 2 - Passo a passo do Flying Blind Achievement\" width=\"500\" height=\"281\" src=\"https:\/\/www.youtube.com\/embed\/AG2uXFLQAfA?feature=oembed\" frameborder=\"0\" allow=\"accelerometer; autoplay; clipboard-write; encrypted-media; gyroscope; picture-in-picture; web-share\" referrerpolicy=\"strict-origin-when-cross-origin\" allowfullscreen><\/iframe><\/div>\n<\/div><\/figure>","protected":false},"excerpt":{"rendered":"<p>The Flying Blind achievement in Solar 2 requires that you go from the Black Hole (under 150,000 mass, or basically a new basic spawn) up to the Big Crunch without the use of the Interface. The interface is triggered by the I key on the PC and not only is what turns the readout of [&hellip;]<\/p>","protected":false},"author":1,"featured_media":47,"parent":21,"menu_order":0,"comment_status":"open","ping_status":"closed","template":"","meta":{"_uag_custom_page_level_css":"","site-sidebar-layout":"default","site-content-layout":"default","ast-site-content-layout":"","site-content-style":"default","site-sidebar-style":"default","ast-global-header-display":"","ast-banner-title-visibility":"","ast-main-header-display":"","ast-hfb-above-header-display":"","ast-hfb-below-header-display":"","ast-hfb-mobile-header-display":"","site-post-title":"","ast-breadcrumbs-content":"","ast-featured-img":"","footer-sml-layout":"","theme-transparent-header-meta":"default","adv-header-id-meta":"","stick-header-meta":"","header-above-stick-meta":"","header-main-stick-meta":"","header-below-stick-meta":"","astra-migrate-meta-layouts":"default","ast-page-background-enabled":"default","ast-page-background-meta":{"desktop":{"background-color":"","background-image":"","background-repeat":"repeat","background-position":"center center","background-size":"auto","background-attachment":"scroll","background-type":"","background-media":"","overlay-type":"","overlay-color":"","overlay-gradient":""},"tablet":{"background-color":"","background-image":"","background-repeat":"repeat","background-position":"center center","background-size":"auto","background-attachment":"scroll","background-type":"","background-media":"","overlay-type":"","overlay-color":"","overlay-gradient":""},"mobile":{"background-color":"","background-image":"","background-repeat":"repeat","background-position":"center center","background-size":"auto","background-attachment":"scroll","background-type":"","background-media":"","overlay-type":"","overlay-color":"","overlay-gradient":""}},"ast-content-background-meta":{"desktop":{"background-color":"var(--ast-global-color-5)","background-image":"","background-repeat":"repeat","background-position":"center center","background-size":"auto","background-attachment":"scroll","background-type":"","background-media":"","overlay-type":"","overlay-color":"","overlay-gradient":""},"tablet":{"background-color":"var(--ast-global-color-5)","background-image":"","background-repeat":"repeat","background-position":"center center","background-size":"auto","background-attachment":"scroll","background-type":"","background-media":"","overlay-type":"","overlay-color":"","overlay-gradient":""},"mobile":{"background-color":"var(--ast-global-color-5)","background-image":"","background-repeat":"repeat","background-position":"center center","background-size":"auto","background-attachment":"scroll","background-type":"","background-media":"","overlay-type":"","overlay-color":"","overlay-gradient":""}},"footnotes":""},"uagb_featured_image_src":{"full":["https:\/\/solar2.standardof.net\/wp-content\/uploads\/sites\/2\/2020\/10\/Solar-2-Black-Hole-Flying-Blind-Achievement.jpg",1280,720,false],"thumbnail":["https:\/\/solar2.standardof.net\/wp-content\/uploads\/sites\/2\/2020\/10\/Solar-2-Black-Hole-Flying-Blind-Achievement.jpg",150,84,false],"medium":["https:\/\/solar2.standardof.net\/wp-content\/uploads\/sites\/2\/2020\/10\/Solar-2-Black-Hole-Flying-Blind-Achievement.jpg",300,169,false],"medium_large":["https:\/\/solar2.standardof.net\/wp-content\/uploads\/sites\/2\/2020\/10\/Solar-2-Black-Hole-Flying-Blind-Achievement.jpg",768,432,false],"large":["https:\/\/solar2.standardof.net\/wp-content\/uploads\/sites\/2\/2020\/10\/Solar-2-Black-Hole-Flying-Blind-Achievement-1024x576.jpg",1024,576,true],"1536x1536":["https:\/\/solar2.standardof.net\/wp-content\/uploads\/sites\/2\/2020\/10\/Solar-2-Black-Hole-Flying-Blind-Achievement.jpg",1280,720,false],"2048x2048":["https:\/\/solar2.standardof.net\/wp-content\/uploads\/sites\/2\/2020\/10\/Solar-2-Black-Hole-Flying-Blind-Achievement.jpg",1280,720,false],"trp-custom-language-flag":["https:\/\/solar2.standardof.net\/wp-content\/uploads\/sites\/2\/2020\/10\/Solar-2-Black-Hole-Flying-Blind-Achievement.jpg",18,10,false]},"uagb_author_info":{"display_name":"SOE","author_link":"https:\/\/solar2.standardof.net\/pt\/author\/k-tastic\/"},"uagb_comment_info":0,"uagb_excerpt":"The Flying Blind achievement in Solar 2 requires that you go from the Black Hole (under 150,000 mass, or basically a new basic spawn) up to the Big Crunch without the use of the Interface. The interface is triggered by the I key on the PC and not only is what turns the readout of&hellip;","_links":{"self":[{"href":"https:\/\/solar2.standardof.net\/pt\/wp-json\/wp\/v2\/pages\/45"}],"collection":[{"href":"https:\/\/solar2.standardof.net\/pt\/wp-json\/wp\/v2\/pages"}],"about":[{"href":"https:\/\/solar2.standardof.net\/pt\/wp-json\/wp\/v2\/types\/page"}],"author":[{"embeddable":true,"href":"https:\/\/solar2.standardof.net\/pt\/wp-json\/wp\/v2\/users\/1"}],"replies":[{"embeddable":true,"href":"https:\/\/solar2.standardof.net\/pt\/wp-json\/wp\/v2\/comments?post=45"}],"version-history":[{"count":0,"href":"https:\/\/solar2.standardof.net\/pt\/wp-json\/wp\/v2\/pages\/45\/revisions"}],"up":[{"embeddable":true,"href":"https:\/\/solar2.standardof.net\/pt\/wp-json\/wp\/v2\/pages\/21"}],"wp:featuredmedia":[{"embeddable":true,"href":"https:\/\/solar2.standardof.net\/pt\/wp-json\/wp\/v2\/media\/47"}],"wp:attachment":[{"href":"https:\/\/solar2.standardof.net\/pt\/wp-json\/wp\/v2\/media?parent=45"}],"curies":[{"name":"wp","href":"https:\/\/api.w.org\/{rel}","templated":true}]}}