{"id":51,"date":"2020-10-13T23:04:25","date_gmt":"2020-10-13T23:04:25","guid":{"rendered":"https:\/\/solar2.standardof.net\/?page_id=51"},"modified":"2020-10-16T16:11:16","modified_gmt":"2020-10-16T16:11:16","slug":"asteroid-stage","status":"publish","type":"page","link":"https:\/\/solar2.standardof.net\/pt\/solar-2-guide\/estagio-de-asteroide-2\/","title":{"rendered":"Est\u00e1gio Aster\u00f3ide"},"content":{"rendered":"<h2 class=\"wp-block-heading\">O est\u00e1gio de aster\u00f3ide no Solar 2<\/h2>\n\n\n\n<p>O est\u00e1gio de aster\u00f3ide \u00e9 o primeiro est\u00e1gio em <em>Solar 2<\/em>. Voc\u00ea controlar\u00e1 uma pequena rocha voando pelo espa\u00e7o. Este \u00e9 o mais limitado dos est\u00e1gios, considerando que voc\u00ea \u00e9 capaz de influenciar diretamente outros objetos celestes enquanto um aster\u00f3ide. Em termos de miss\u00f5es e outras tarefas, no entanto, o est\u00e1gio Aster\u00f3ide ainda \u00e9 mais povoado do que o est\u00e1gio Buraco Negro neste aspecto. Voc\u00ea encontrar\u00e1 links para os guias de miss\u00e3o abaixo e dicas e um v\u00eddeo sobre como avan\u00e7ar para o pr\u00f3ximo est\u00e1gio do Planeta abaixo.<\/p>\n\n\n\n<h3 class=\"wp-block-heading\">The Asteroid Missions &amp; Guide<\/h3>\n\n\n\n<ol><li><em><a href=\"https:\/\/solar2.standardof.net\/pt\/solar-2-guide\/estagio-de-asteroide-2\/#fun-ideas\" class=\"rank-math-link\">Id\u00e9ias divertidas enquanto voc\u00ea \u00e9 um aster\u00f3ide <sup>(Abaixo)<\/sup><\/a><\/em><\/li><li><em><a href=\"https:\/\/solar2.standardof.net\/pt\/solar-2-guide\/estagio-de-asteroide-2\/#progression\" class=\"rank-math-link\">Aster\u00f3ide -&gt; Progress\u00e3o do Pequeno Planeta <sup>(Abaixo)<\/sup><\/a><\/em><\/li><li><a class=\"rank-math-link\" href=\"https:\/\/solar2.standardof.net\/pt\/solar-2-guide\/estagio-de-asteroide-2\/assassino-missoes-ninja-conquista\/\">Miss\u00f5es assassinas 1-3<br><sup>+ Conquista Ninja<\/sup><\/a><\/li><li><a class=\"rank-math-link\" href=\"https:\/\/solar2.standardof.net\/pt\/solar-2-guide\/estagio-de-asteroide-2\/melhor-amigo-missao\/\">Miss\u00e3o 1 do melhor amigo<\/a><\/li><li><a class=\"rank-math-link\" href=\"https:\/\/solar2.standardof.net\/pt\/solar-2-guide\/estagio-de-asteroide-2\/missoes-de-extincao\/\">Miss\u00f5es de extin\u00e7\u00e3o 1-2<\/a><\/li><li><a class=\"rank-math-link\" href=\"https:\/\/solar2.standardof.net\/pt\/solar-2-guide\/estagio-de-asteroide-2\/missoes-de-diversao-e-jogos\/\">Miss\u00f5es de divers\u00e3o e jogos 1-3<\/a><\/li><li><a class=\"rank-math-link\" href=\"https:\/\/solar2.standardof.net\/pt\/solar-2-guide\/estagio-de-asteroide-2\/desafio-missao-1-estadia-jovem-2\/\">Miss\u00e3o do desafio: 1 permanecer jovem <\/a><\/li><li><a class=\"rank-math-link\" href=\"https:\/\/solar2.standardof.net\/pt\/solar-2-guide\/estagio-de-asteroide-2\/desafio-missao-2-zumbi-geometria-2\/\">Miss\u00e3o do desafio: 2 geometria zumbi<\/a><\/li><\/ol>\n\n\n\n<p>Se voc\u00ea estiver procurando guias adicionais para este videogame, poder\u00e1 encontrar links abaixo para os \u00edndices de outros est\u00e1gios, que cont\u00eam mais informa\u00e7\u00f5es e links para guias espec\u00edficos para esses est\u00e1gios de exist\u00eancia.<\/p>\n\n\n\n<ul><li>Asteroid Stage Index &lt;- voc\u00ea est\u00e1 aqui<\/li><li><strong><a href=\"https:\/\/solar2.standardof.net\/pt\/solar-2-guide\/estagio-do-planeta-2\/\" class=\"rank-math-link\">\u00cdndice de fases do planeta pequeno e planeta da vida<\/a><\/strong><\/li><li><strong><a href=\"https:\/\/solar2.standardof.net\/pt\/solar-2-guide\/estrela-sistema-solar-estagio-2\/\" class=\"rank-math-link\">\u00cdndice do Guia do Est\u00e1gio Estelar<\/a><\/strong><\/li><li><strong><a href=\"https:\/\/solar2.standardof.net\/pt\/solar-2-guide\/estagio-de-buraco-negro-2\/\" class=\"rank-math-link\">\u00cdndice de est\u00e1gio de buraco negro<\/a><\/strong><\/li><\/ul>\n\n\n\n<h2 class=\"wp-block-heading\" id=\"fun-ideas\">Ideias divertidas enquanto voc\u00ea \u00e9 um aster\u00f3ide<\/h2>\n\n\n\n<p>Devido \u00e0 sua massa incrivelmente pequena, voc\u00ea \u00e9 capaz de se propelir a velocidades insanamente altas, mais r\u00e1pido do que o que poderia ser alcan\u00e7ado por uma simples acelera\u00e7\u00e3o baseada em teclas, atirando em si mesmo atrav\u00e9s dos po\u00e7os de gravidade de objetos maiores como estrelas ou at\u00e9 mesmo buracos negros. Sua alta velocidade significa danos massivos contra um objeto desprotegido.<\/p>\n\n\n\n<p>Colide com planetas em evolu\u00e7\u00e3o ou rec\u00e9m-desenvolvidos para criar seu pr\u00f3prio evento de extin\u00e7\u00e3o em massa.<\/p>\n\n\n\n<p>Derrube outros aster\u00f3ides em outros planetas ou estrelas para os prop\u00f3sitos acima, ou ganhe alguma massa e use sua gravidade rec\u00e9m-formada para puxar outros aster\u00f3ides junto com voc\u00ea para fazer uma tempestade de proj\u00e9teis contra algum planeta infeliz.<\/p>\n\n\n\n<h2 class=\"wp-block-heading\" id=\"progression\">Aster\u00f3ide -&gt; Progress\u00e3o do Pequeno Planeta<\/h2>\n\n\n\n<div class=\"wp-block-image\"><figure class=\"aligncenter size-large\"><img decoding=\"async\" src=\"https:\/\/solar2.standardof.net\/wp-content\/uploads\/sites\/2\/2020\/10\/Solar-2-Asteroid-Progression-1024x576.jpg\" alt=\"O est\u00e1gio de aster\u00f3ide no Solar 2\" class=\"wp-image-52\"\/><figcaption>Consumindo massa como um aster\u00f3ide no Solar 2.<\/figcaption><\/figure><\/div>\n\n\n\n<p>A progress\u00e3o do est\u00e1gio de aster\u00f3ide para o est\u00e1gio de Pequeno Planeta \u00e9 a transi\u00e7\u00e3o de est\u00e1gio mais f\u00e1cil e r\u00e1pida em <em>Solar 2<\/em>. Para dar o salto para o pr\u00f3ximo est\u00e1gio, voc\u00ea precisar\u00e1 crescer mais correndo em outros aster\u00f3ides at\u00e9 atingir 20 de massa.<\/p>\n\n\n\n<h3 class=\"wp-block-heading\"><strong>Dicas para progress\u00e3o de aster\u00f3ides:<\/strong><\/h3>\n\n\n\n<p>Os m\u00e9todos usados para ganhar massa suficiente para atingir o Pequeno Planeta s\u00e3o relativamente simples. Como mencionado acima, voc\u00ea simplesmente tem que colidir com outros aster\u00f3ides para absorver sua massa. Quanto maior voc\u00ea se torna, menos velocidade voc\u00ea precisa para comer as outras rochas espaciais, pois h\u00e1 mais for\u00e7a por tr\u00e1s de cada colis\u00e3o.<\/p>\n\n\n\n<p>Voc\u00ea n\u00e3o pode perder massa enquanto um aster\u00f3ide, no entanto, voc\u00ea pode ser facilmente destru\u00eddo colidindo com quaisquer planetas ou estrelas. Voc\u00ea pode destruir naves espaciais em uma colis\u00e3o sem sofrer nenhum dano, no entanto, as naves n\u00f4mades ir\u00e3o atacar voc\u00ea mesmo que apenas por perto, embora formas de vida hostis vermelhas ir\u00e3o ignor\u00e1-lo a menos que seu planeta tenha sido recentemente atingido por outro aster\u00f3ide.<\/p>\n\n\n\n<figure class=\"wp-block-embed-youtube wp-block-embed is-type-video is-provider-youtube wp-embed-aspect-16-9 wp-has-aspect-ratio\"><div class=\"wp-block-embed__wrapper\">\n<div class=\"ast-oembed-container\" style=\"height: 100%;\"><iframe title=\"Solar 2 - Passo a passo da progress\u00e3o de aster\u00f3ides\" width=\"500\" height=\"281\" src=\"https:\/\/www.youtube.com\/embed\/Iq-Ma-q9rhM?feature=oembed\" frameborder=\"0\" allow=\"accelerometer; autoplay; clipboard-write; encrypted-media; gyroscope; picture-in-picture; web-share\" referrerpolicy=\"strict-origin-when-cross-origin\" allowfullscreen><\/iframe><\/div>\n<\/div><\/figure>","protected":false},"excerpt":{"rendered":"<p>The Asteroid Stage in Solar 2 The Asteroid stage is the first stage in Solar 2. You will control a small rock flying through space. This is the most limited of the stages, considering you are capable of directly influencing other celestial objects the least while as an Asteroid. In terms of missions and other [&hellip;]<\/p>","protected":false},"author":1,"featured_media":12,"parent":11,"menu_order":0,"comment_status":"open","ping_status":"closed","template":"","meta":{"_uag_custom_page_level_css":"","site-sidebar-layout":"default","site-content-layout":"default","ast-site-content-layout":"","site-content-style":"default","site-sidebar-style":"default","ast-global-header-display":"","ast-banner-title-visibility":"","ast-main-header-display":"","ast-hfb-above-header-display":"","ast-hfb-below-header-display":"","ast-hfb-mobile-header-display":"","site-post-title":"","ast-breadcrumbs-content":"","ast-featured-img":"","footer-sml-layout":"","theme-transparent-header-meta":"default","adv-header-id-meta":"","stick-header-meta":"","header-above-stick-meta":"","header-main-stick-meta":"","header-below-stick-meta":"","astra-migrate-meta-layouts":"default","ast-page-background-enabled":"default","ast-page-background-meta":{"desktop":{"background-color":"","background-image":"","background-repeat":"repeat","background-position":"center center","background-size":"auto","background-attachment":"scroll","background-type":"","background-media":"","overlay-type":"","overlay-color":"","overlay-gradient":""},"tablet":{"background-color":"","background-image":"","background-repeat":"repeat","background-position":"center center","background-size":"auto","background-attachment":"scroll","background-type":"","background-media":"","overlay-type":"","overlay-color":"","overlay-gradient":""},"mobile":{"background-color":"","background-image":"","background-repeat":"repeat","background-position":"center center","background-size":"auto","background-attachment":"scroll","background-type":"","background-media":"","overlay-type":"","overlay-color":"","overlay-gradient":""}},"ast-content-background-meta":{"desktop":{"background-color":"var(--ast-global-color-5)","background-image":"","background-repeat":"repeat","background-position":"center center","background-size":"auto","background-attachment":"scroll","background-type":"","background-media":"","overlay-type":"","overlay-color":"","overlay-gradient":""},"tablet":{"background-color":"var(--ast-global-color-5)","background-image":"","background-repeat":"repeat","background-position":"center center","background-size":"auto","background-attachment":"scroll","background-type":"","background-media":"","overlay-type":"","overlay-color":"","overlay-gradient":""},"mobile":{"background-color":"var(--ast-global-color-5)","background-image":"","background-repeat":"repeat","background-position":"center center","background-size":"auto","background-attachment":"scroll","background-type":"","background-media":"","overlay-type":"","overlay-color":"","overlay-gradient":""}},"footnotes":""},"uagb_featured_image_src":{"full":["https:\/\/solar2.standardof.net\/wp-content\/uploads\/sites\/2\/2020\/10\/Solar-2-Header-Background-1.jpeg",1680,1050,false],"thumbnail":["https:\/\/solar2.standardof.net\/wp-content\/uploads\/sites\/2\/2020\/10\/Solar-2-Header-Background-1-150x150.jpeg",150,150,true],"medium":["https:\/\/solar2.standardof.net\/wp-content\/uploads\/sites\/2\/2020\/10\/Solar-2-Header-Background-1-300x188.jpeg",300,188,true],"medium_large":["https:\/\/solar2.standardof.net\/wp-content\/uploads\/sites\/2\/2020\/10\/Solar-2-Header-Background-1.jpeg",768,480,false],"large":["https:\/\/solar2.standardof.net\/wp-content\/uploads\/sites\/2\/2020\/10\/Solar-2-Header-Background-1-1024x640.jpeg",1024,640,true],"1536x1536":["https:\/\/solar2.standardof.net\/wp-content\/uploads\/sites\/2\/2020\/10\/Solar-2-Header-Background-1.jpeg",1536,960,false],"2048x2048":["https:\/\/solar2.standardof.net\/wp-content\/uploads\/sites\/2\/2020\/10\/Solar-2-Header-Background-1.jpeg",1680,1050,false],"trp-custom-language-flag":["https:\/\/solar2.standardof.net\/wp-content\/uploads\/sites\/2\/2020\/10\/Solar-2-Header-Background-1-16x10.jpeg",16,10,true]},"uagb_author_info":{"display_name":"SOE","author_link":"https:\/\/solar2.standardof.net\/pt\/author\/k-tastic\/"},"uagb_comment_info":0,"uagb_excerpt":"The Asteroid Stage in Solar 2 The Asteroid stage is the first stage in Solar 2. You will control a small rock flying through space. This is the most limited of the stages, considering you are capable of directly influencing other celestial objects the least while as an Asteroid. In terms of missions and other&hellip;","_links":{"self":[{"href":"https:\/\/solar2.standardof.net\/pt\/wp-json\/wp\/v2\/pages\/51"}],"collection":[{"href":"https:\/\/solar2.standardof.net\/pt\/wp-json\/wp\/v2\/pages"}],"about":[{"href":"https:\/\/solar2.standardof.net\/pt\/wp-json\/wp\/v2\/types\/page"}],"author":[{"embeddable":true,"href":"https:\/\/solar2.standardof.net\/pt\/wp-json\/wp\/v2\/users\/1"}],"replies":[{"embeddable":true,"href":"https:\/\/solar2.standardof.net\/pt\/wp-json\/wp\/v2\/comments?post=51"}],"version-history":[{"count":0,"href":"https:\/\/solar2.standardof.net\/pt\/wp-json\/wp\/v2\/pages\/51\/revisions"}],"up":[{"embeddable":true,"href":"https:\/\/solar2.standardof.net\/pt\/wp-json\/wp\/v2\/pages\/11"}],"wp:featuredmedia":[{"embeddable":true,"href":"https:\/\/solar2.standardof.net\/pt\/wp-json\/wp\/v2\/media\/12"}],"wp:attachment":[{"href":"https:\/\/solar2.standardof.net\/pt\/wp-json\/wp\/v2\/media?parent=51"}],"curies":[{"name":"wp","href":"https:\/\/api.w.org\/{rel}","templated":true}]}}