{"id":54,"date":"2020-10-13T23:11:43","date_gmt":"2020-10-13T23:11:43","guid":{"rendered":"https:\/\/solar2.standardof.net\/?page_id=54"},"modified":"2020-10-15T14:34:17","modified_gmt":"2020-10-15T14:34:17","slug":"assassin-missions-ninja-achievement","status":"publish","type":"page","link":"https:\/\/solar2.standardof.net\/pt\/solar-2-guide\/estagio-de-asteroide-2\/assassino-missoes-ninja-conquista\/","title":{"rendered":"Miss\u00f5es de assassino e a conquista do Ninja"},"content":{"rendered":"<h2 class=\"wp-block-heading\">Miss\u00f5es Assassinas 1-3<\/h2>\n\n\n\n<p>As miss\u00f5es assassinas em <em>Solar 2<\/em> incumbi-lo de eliminar um \u00fanico navio Nomad em cada n\u00edvel, um de cada tipo que existe. H\u00e1 uma conquista associada a essa miss\u00e3o, <strong>Ninja<\/strong>, o que requer que voc\u00ea complete todos os tr\u00eas n\u00edveis sem morrer. O v\u00eddeo abaixo mostrar\u00e1 como fazer isso.<\/p>\n\n\n\n<h3 class=\"wp-block-heading\">Dicas para as miss\u00f5es assassinas<\/h3>\n\n\n\n<p>Alguns conceitos compartilhados entre as tr\u00eas miss\u00f5es assassinas s\u00e3o que voc\u00ea precisa encontrar uma forma de atrair o navio n\u00f4made alvo para persegui-lo. Usando seu aster\u00f3ide, voc\u00ea precisar\u00e1 liderar seu alvo em combate com qualquer espa\u00e7onave vermelha que surja de Life Planets. Todas as naves Nomad podem destruir seu aster\u00f3ide com um \u00fanico golpe.<\/p>\n\n\n\n<p>Seu inimigo-alvo sempre parece surgir pr\u00f3ximo a um campo de aster\u00f3ides pr\u00f3ximo, come\u00e7ando preocupado em explodir essas rochas. Para atrair esses alvos, a melhor op\u00e7\u00e3o \u00e9 sempre viajar ao redor da nave Nomad, fora do alcance de sua arma enquanto o referido alvo destr\u00f3i quaisquer aster\u00f3ides que estiverem mais perto dele. Eventualmente voc\u00ea acabar\u00e1 sendo o aster\u00f3ide mais pr\u00f3ximo e o Nomad ir\u00e1 persegui-lo, permitindo que voc\u00ea o conduza at\u00e9 encontrar algumas formas de vida vermelhas hostis para combat\u00ea-las. Usando a tecla de caminho (P para usu\u00e1rios de PC), voc\u00ea ter\u00e1 uma boa ideia do momento exato em que o Nomad est\u00e1 perseguindo voc\u00ea com uma linha branca conectando-o ao seu aster\u00f3ide.<\/p>\n\n\n\n<p>Embora seja certamente poss\u00edvel que voc\u00ea possa conduzir o navio alvo a um obst\u00e1culo de algum tipo, \u00e9 prov\u00e1vel que seu agressor se desvie de qualquer coisa com relativa facilidade. Vale a pena tentar enquanto voc\u00ea procura por um planeta da vida, mas n\u00e3o tente sair do seu caminho com este m\u00e9todo, pois \u00e9 mais problem\u00e1tico do que vale a pena.<\/p>\n\n\n\n<p>Por \u00faltimo, esses n\u00edveis n\u00e3o o penalizam pela morte, no entanto, voc\u00ea n\u00e3o ser\u00e1 capaz de desbloquear a conquista Ninja se morrer em qualquer lugar da cadeia.<\/p>\n\n\n\n<hr class=\"wp-block-separator\"\/>\n\n\n\n<h3 class=\"wp-block-heading\">Assassino 1<\/h3>\n\n\n\n<p>A primeira miss\u00e3o consiste em eliminar um dos navios do tipo Missile Boat, que surge perto do farol da miss\u00e3o. Este n\u00edvel \u00e9 o \u00fanico onde voc\u00ea pode sobreviver se for atacado, contanto que voc\u00ea consiga escapar dos m\u00edsseis, bem como nas miss\u00f5es Fun and Games.<\/p>\n\n\n\n<div class=\"wp-block-image\"><figure class=\"aligncenter size-large\"><img decoding=\"async\" src=\"https:\/\/solar2.standardof.net\/wp-content\/uploads\/sites\/2\/2020\/10\/Solar-2-Asteroid-Assasin-Missions-1-1024x576.jpg\" alt=\"Assassin Mission 1\" class=\"wp-image-55\"\/><figcaption>Chamando a aten\u00e7\u00e3o do Missile Boat em Assassin 1<\/figcaption><\/figure><\/div>\n\n\n\n<hr class=\"wp-block-separator\"\/>\n\n\n\n<h3 class=\"wp-block-heading\">Assassin 2<\/h3>\n\n\n\n<p>O n\u00edvel 2 agora tem a tarefa de atrair um cruzador. Voc\u00ea tem que ficar fora do alcance do laser ou enfrentar a morte instant\u00e2nea, mas o raio de agress\u00e3o \u00e9 maior permitindo uma isca f\u00e1cil com um pouco de paci\u00eancia. A baixa velocidade desta embarca\u00e7\u00e3o \u00e9 uma isca segura, mas significa que voc\u00ea tamb\u00e9m precisa diminuir sua velocidade ao conduzi-la, pois fugir perder\u00e1 seu alvo.<\/p>\n\n\n\n<hr class=\"wp-block-separator\"\/>\n\n\n\n<h3 class=\"wp-block-heading\">Assassino 3<\/h3>\n\n\n\n<p>O \u00faltimo e honestamente mais mortal navio para o seu aster\u00f3ide \u00e9 o Fighter, que voc\u00ea agora deve usar como isca no n\u00edvel final desta cadeia. Al\u00e9m de aplicar as mesmas t\u00e1ticas que voc\u00ea usou at\u00e9 agora, a \u00fanica boa ideia a ter em mente \u00e9 manter a velocidade e nunca tentar parar completamente de se mover. O Fighter tem alta mobilidade, permitindo que ele tire voc\u00ea rapidamente se for pego despreparado e muito perto.<\/p>\n\n\n\n<div class=\"wp-block-image\"><figure class=\"aligncenter size-large\"><img decoding=\"async\" src=\"https:\/\/solar2.standardof.net\/wp-content\/uploads\/sites\/2\/2020\/10\/Solar-2-Asteroid-Assasin-Missions-2-1024x576.jpg\" alt=\"Assassin Mission 3\" class=\"wp-image-56\"\/><figcaption>Atrair o lutador n\u00f4made em Assassin 3<\/figcaption><\/figure><\/div>\n\n\n\n<hr class=\"wp-block-separator\"\/>\n\n\n\n<h3 class=\"has-text-align-center wp-block-heading\">Ninja Achievement Video Guide<\/h3>\n\n\n\n<figure class=\"wp-block-embed-youtube wp-block-embed is-type-video is-provider-youtube wp-embed-aspect-16-9 wp-has-aspect-ratio\"><div class=\"wp-block-embed__wrapper\">\n<div class=\"ast-oembed-container\" style=\"height: 100%;\"><iframe title=\"Solar 2 - Assasin Asteroid Missions Alt Strategy w Ninja Achievement\" width=\"500\" height=\"281\" src=\"https:\/\/www.youtube.com\/embed\/k5new32674E?feature=oembed\" frameborder=\"0\" allow=\"accelerometer; autoplay; clipboard-write; encrypted-media; gyroscope; picture-in-picture; web-share\" referrerpolicy=\"strict-origin-when-cross-origin\" allowfullscreen><\/iframe><\/div>\n<\/div><\/figure>","protected":false},"excerpt":{"rendered":"<p>Assassin Missions 1-3 The assassin missions in Solar 2 task you with taking out a single Nomad ship in each level, one of each type that exists. There is an achievement associated with these mission, Ninja, which requires that you complete all three levels without dying. The video below will show how to do this. [&hellip;]<\/p>","protected":false},"author":1,"featured_media":12,"parent":51,"menu_order":0,"comment_status":"open","ping_status":"closed","template":"","meta":{"_uag_custom_page_level_css":"","site-sidebar-layout":"default","site-content-layout":"default","ast-site-content-layout":"","site-content-style":"default","site-sidebar-style":"default","ast-global-header-display":"","ast-banner-title-visibility":"","ast-main-header-display":"","ast-hfb-above-header-display":"","ast-hfb-below-header-display":"","ast-hfb-mobile-header-display":"","site-post-title":"","ast-breadcrumbs-content":"","ast-featured-img":"","footer-sml-layout":"","theme-transparent-header-meta":"default","adv-header-id-meta":"","stick-header-meta":"","header-above-stick-meta":"","header-main-stick-meta":"","header-below-stick-meta":"","astra-migrate-meta-layouts":"default","ast-page-background-enabled":"default","ast-page-background-meta":{"desktop":{"background-color":"","background-image":"","background-repeat":"repeat","background-position":"center center","background-size":"auto","background-attachment":"scroll","background-type":"","background-media":"","overlay-type":"","overlay-color":"","overlay-gradient":""},"tablet":{"background-color":"","background-image":"","background-repeat":"repeat","background-position":"center center","background-size":"auto","background-attachment":"scroll","background-type":"","background-media":"","overlay-type":"","overlay-color":"","overlay-gradient":""},"mobile":{"background-color":"","background-image":"","background-repeat":"repeat","background-position":"center center","background-size":"auto","background-attachment":"scroll","background-type":"","background-media":"","overlay-type":"","overlay-color":"","overlay-gradient":""}},"ast-content-background-meta":{"desktop":{"background-color":"var(--ast-global-color-5)","background-image":"","background-repeat":"repeat","background-position":"center center","background-size":"auto","background-attachment":"scroll","background-type":"","background-media":"","overlay-type":"","overlay-color":"","overlay-gradient":""},"tablet":{"background-color":"var(--ast-global-color-5)","background-image":"","background-repeat":"repeat","background-position":"center center","background-size":"auto","background-attachment":"scroll","background-type":"","background-media":"","overlay-type":"","overlay-color":"","overlay-gradient":""},"mobile":{"background-color":"var(--ast-global-color-5)","background-image":"","background-repeat":"repeat","background-position":"center center","background-size":"auto","background-attachment":"scroll","background-type":"","background-media":"","overlay-type":"","overlay-color":"","overlay-gradient":""}},"footnotes":""},"uagb_featured_image_src":{"full":["https:\/\/solar2.standardof.net\/wp-content\/uploads\/sites\/2\/2020\/10\/Solar-2-Header-Background-1.jpeg",1680,1050,false],"thumbnail":["https:\/\/solar2.standardof.net\/wp-content\/uploads\/sites\/2\/2020\/10\/Solar-2-Header-Background-1-150x150.jpeg",150,150,true],"medium":["https:\/\/solar2.standardof.net\/wp-content\/uploads\/sites\/2\/2020\/10\/Solar-2-Header-Background-1-300x188.jpeg",300,188,true],"medium_large":["https:\/\/solar2.standardof.net\/wp-content\/uploads\/sites\/2\/2020\/10\/Solar-2-Header-Background-1.jpeg",768,480,false],"large":["https:\/\/solar2.standardof.net\/wp-content\/uploads\/sites\/2\/2020\/10\/Solar-2-Header-Background-1-1024x640.jpeg",1024,640,true],"1536x1536":["https:\/\/solar2.standardof.net\/wp-content\/uploads\/sites\/2\/2020\/10\/Solar-2-Header-Background-1.jpeg",1536,960,false],"2048x2048":["https:\/\/solar2.standardof.net\/wp-content\/uploads\/sites\/2\/2020\/10\/Solar-2-Header-Background-1.jpeg",1680,1050,false],"trp-custom-language-flag":["https:\/\/solar2.standardof.net\/wp-content\/uploads\/sites\/2\/2020\/10\/Solar-2-Header-Background-1-16x10.jpeg",16,10,true]},"uagb_author_info":{"display_name":"SOE","author_link":"https:\/\/solar2.standardof.net\/pt\/author\/k-tastic\/"},"uagb_comment_info":0,"uagb_excerpt":"Assassin Missions 1-3 The assassin missions in Solar 2 task you with taking out a single Nomad ship in each level, one of each type that exists. There is an achievement associated with these mission, Ninja, which requires that you complete all three levels without dying. The video below will show how to do this.&hellip;","_links":{"self":[{"href":"https:\/\/solar2.standardof.net\/pt\/wp-json\/wp\/v2\/pages\/54"}],"collection":[{"href":"https:\/\/solar2.standardof.net\/pt\/wp-json\/wp\/v2\/pages"}],"about":[{"href":"https:\/\/solar2.standardof.net\/pt\/wp-json\/wp\/v2\/types\/page"}],"author":[{"embeddable":true,"href":"https:\/\/solar2.standardof.net\/pt\/wp-json\/wp\/v2\/users\/1"}],"replies":[{"embeddable":true,"href":"https:\/\/solar2.standardof.net\/pt\/wp-json\/wp\/v2\/comments?post=54"}],"version-history":[{"count":0,"href":"https:\/\/solar2.standardof.net\/pt\/wp-json\/wp\/v2\/pages\/54\/revisions"}],"up":[{"embeddable":true,"href":"https:\/\/solar2.standardof.net\/pt\/wp-json\/wp\/v2\/pages\/51"}],"wp:featuredmedia":[{"embeddable":true,"href":"https:\/\/solar2.standardof.net\/pt\/wp-json\/wp\/v2\/media\/12"}],"wp:attachment":[{"href":"https:\/\/solar2.standardof.net\/pt\/wp-json\/wp\/v2\/media?parent=54"}],"curies":[{"name":"wp","href":"https:\/\/api.w.org\/{rel}","templated":true}]}}