{"id":62,"date":"2020-10-13T23:30:10","date_gmt":"2020-10-13T23:30:10","guid":{"rendered":"https:\/\/solar2.standardof.net\/?page_id=62"},"modified":"2020-10-15T14:34:32","modified_gmt":"2020-10-15T14:34:32","slug":"extinction-missions","status":"publish","type":"page","link":"https:\/\/solar2.standardof.net\/pt\/solar-2-guide\/estagio-de-asteroide-2\/missoes-de-extincao\/","title":{"rendered":"Miss\u00f5es de extin\u00e7\u00e3o"},"content":{"rendered":"<h2 class=\"wp-block-heading\">Miss\u00f5es de extin\u00e7\u00e3o<\/h2>\n\n\n\n<p>Este par de miss\u00f5es que comp\u00f5em a cadeia de extin\u00e7\u00e3o faz voc\u00ea lidar com uma ra\u00e7a de dinossauros que evolu\u00edram para uma civiliza\u00e7\u00e3o espacial. A Entidade n\u00e3o parece estar desanimada com este desenvolvimento e quer elimin\u00e1-los. Esta cadeia de miss\u00f5es usa uma combina\u00e7\u00e3o de t\u00e1ticas dos n\u00edveis Assassin e Best Friend.<\/p>\n\n\n\n<h2 class=\"wp-block-heading\">Extin\u00e7\u00e3o 1<\/h2>\n\n\n\n<p>O n\u00edvel 1 usa o m\u00e9todo que voc\u00ea aprendeu no&nbsp;<strong>Assassino<\/strong>&nbsp;n\u00edveis e voc\u00ea enfrenta um planeta dinossauro solit\u00e1rio com apenas sua pr\u00f3pria massa como uma arma contra seus inimigos. Mesmo que o planeta esteja evolu\u00eddo e protegido, uma \u00fanica colis\u00e3o com o seu aster\u00f3ide apagar\u00e1 a vida da superf\u00edcie instantaneamente, n\u00e3o importa a sua massa.<\/p>\n\n\n\n<p>A ideia aqui \u00e9 atrair todas as formas de vida vermelhas hostis para persegui-las e, em seguida, girar em torno do planeta em alta velocidade at\u00e9 que esses inimigos estejam do lado oposto do planeta, permitindo que voc\u00ea vire com seguran\u00e7a e colida com a superf\u00edcie. Perecer neste n\u00edvel n\u00e3o \u00e9 penalizado e far\u00e1 com que voc\u00ea reproduza novamente nas proximidades do sistema Dino. Por esse motivo, voc\u00ea tamb\u00e9m pode tentar voar direto para o planeta, no entanto, isso \u00e9 uma quest\u00e3o de sorte e tempo, e pode ser um acerto ou erro.<\/p>\n\n\n\n<p><strong>Nota:<\/strong>&nbsp;Embora abordado no v\u00eddeo principal abaixo, o v\u00eddeo alternativo tem uma estrat\u00e9gia melhor para a primeira miss\u00e3o apenas que vale a pena assistir.<\/p>\n\n\n\n<div class=\"wp-block-image\"><figure class=\"aligncenter size-large\"><img decoding=\"async\" src=\"https:\/\/solar2.standardof.net\/wp-content\/uploads\/sites\/2\/2020\/10\/Solar-2-Asteroid-Stage-Extinction-Mission-1024x576.jpg\" alt=\"Extin\u00e7\u00e3o 1\" class=\"wp-image-63\"\/><figcaption>Destruindo o planeta solit\u00e1rio na miss\u00e3o de Extin\u00e7\u00e3o 1<\/figcaption><\/figure><\/div>\n\n\n\n<hr class=\"wp-block-separator\"\/>\n\n\n\n<h3 class=\"has-text-align-center wp-block-heading\">Guia de v\u00eddeo de extin\u00e7\u00e3o<\/h3>\n\n\n\n<figure class=\"wp-block-embed-youtube wp-block-embed is-type-video is-provider-youtube wp-embed-aspect-16-9 wp-has-aspect-ratio\"><div class=\"wp-block-embed__wrapper\">\n<div class=\"ast-oembed-container\" style=\"height: 100%;\"><iframe title=\"Solar 2 Asteroid Missions - N\u00edveis de extin\u00e7\u00e3o - Guia passo a passo\" width=\"500\" height=\"281\" src=\"https:\/\/www.youtube.com\/embed\/Ob09uGY2_9w?feature=oembed\" frameborder=\"0\" allow=\"accelerometer; autoplay; clipboard-write; encrypted-media; gyroscope; picture-in-picture; web-share\" referrerpolicy=\"strict-origin-when-cross-origin\" allowfullscreen><\/iframe><\/div>\n<\/div><\/figure>\n\n\n\n<hr class=\"wp-block-separator\"\/>\n\n\n\n<h2 class=\"wp-block-heading\">Extin\u00e7\u00e3o 2<\/h2>\n\n\n\n<p>O segundo n\u00edvel na cadeia de Extin\u00e7\u00e3o agora leva uma p\u00e1gina do n\u00edvel do Melhor Amigo, fazendo com que voc\u00ea escolha uma arma secreta em um local pr\u00f3ximo, sendo um aster\u00f3ide de mat\u00e9ria escura. Usando as t\u00e1ticas que voc\u00ea aprendeu anteriormente, voc\u00ea precisar\u00e1 empurrar o aster\u00f3ide de mat\u00e9ria escura a uma velocidade moderada na dire\u00e7\u00e3o de um sistema solar de dinossauro pr\u00f3ximo.<\/p>\n\n\n\n<p>Considerando que antes de voc\u00ea precisar empurrar um aster\u00f3ide contra outras rochas, desta vez voc\u00ea quer evitar outros objetos, levando sua carga sem impulsion\u00e1-la mais r\u00e1pido do que voc\u00ea, evitando quaisquer corre\u00e7\u00f5es de curso necess\u00e1rias que voc\u00ea possa ter que fazer por meio de cutuc\u00f5es em v\u00f4o. A chave do caminho \u00e9 \u00fatil aqui para fornecer alguma orienta\u00e7\u00e3o para esse prop\u00f3sito.<\/p>\n\n\n\n<p>Quando o aster\u00f3ide de mat\u00e9ria escura colide com um objeto, ele se transforma em um buraco negro, ent\u00e3o certifique-se de recuar ao se aproximar da zona-alvo, pois voc\u00ea deve sobreviver n\u00e3o apenas at\u00e9 demolir a estrela do dinossauro, mas tamb\u00e9m escapar para um farol pr\u00f3ximo. Se o buraco negro for acionado muito perto de voc\u00ea, ele ir\u00e1 consumi-lo garantido, no entanto, perder o sistema de dinossauro e t\u00ea-lo acionado em algum lugar pr\u00f3ximo ainda ter\u00e1 uma grande chance de eventualmente atrair seus alvos, ent\u00e3o n\u00e3o desista se sua pontaria foi fora, em vez disso, fique por perto e veja o que acontece.<\/p>\n\n\n\n<div class=\"wp-block-image\"><figure class=\"aligncenter size-large\"><img decoding=\"async\" src=\"https:\/\/solar2.standardof.net\/wp-content\/uploads\/sites\/2\/2020\/10\/Solar-2-Asteroid-Stage-Extinction-Mission-2-1024x576.jpg\" alt=\"Extin\u00e7\u00e3o 2\" class=\"wp-image-64\"\/><figcaption>Momentos antes de o aster\u00f3ide de mat\u00e9ria escura colidir com seu alvo.<\/figcaption><\/figure><\/div>\n\n\n\n<hr class=\"wp-block-separator\"\/>\n\n\n\n<h3 class=\"has-text-align-center wp-block-heading\">Extinction Alt Strategy Video Guide<\/h3>\n\n\n\n<figure class=\"wp-block-embed-youtube wp-block-embed is-type-video is-provider-youtube wp-embed-aspect-16-9 wp-has-aspect-ratio\"><div class=\"wp-block-embed__wrapper\">\n<div class=\"ast-oembed-container\" style=\"height: 100%;\"><iframe title=\"Solar 2 - Miss\u00f5es de Aster\u00f3ide - Extin\u00e7\u00e3o 1 Estrat\u00e9gia Alt\" width=\"500\" height=\"281\" src=\"https:\/\/www.youtube.com\/embed\/FFHv7p7QW2o?feature=oembed\" frameborder=\"0\" allow=\"accelerometer; autoplay; clipboard-write; encrypted-media; gyroscope; picture-in-picture; web-share\" referrerpolicy=\"strict-origin-when-cross-origin\" allowfullscreen><\/iframe><\/div>\n<\/div><\/figure>","protected":false},"excerpt":{"rendered":"<p>Extinction Missions This pair of missions that make up the Extinction chain have you handling a race of Dinosaurs that have evolved to a space faring civilization. The Entity does not seem to be down with this development and wants them eliminated. This mission chain uses a combination of tactics from the Assassin and Best [&hellip;]<\/p>","protected":false},"author":1,"featured_media":12,"parent":51,"menu_order":0,"comment_status":"open","ping_status":"closed","template":"","meta":{"_uag_custom_page_level_css":"","site-sidebar-layout":"default","site-content-layout":"default","ast-site-content-layout":"","site-content-style":"default","site-sidebar-style":"default","ast-global-header-display":"","ast-banner-title-visibility":"","ast-main-header-display":"","ast-hfb-above-header-display":"","ast-hfb-below-header-display":"","ast-hfb-mobile-header-display":"","site-post-title":"","ast-breadcrumbs-content":"","ast-featured-img":"","footer-sml-layout":"","theme-transparent-header-meta":"default","adv-header-id-meta":"","stick-header-meta":"","header-above-stick-meta":"","header-main-stick-meta":"","header-below-stick-meta":"","astra-migrate-meta-layouts":"default","ast-page-background-enabled":"default","ast-page-background-meta":{"desktop":{"background-color":"","background-image":"","background-repeat":"repeat","background-position":"center center","background-size":"auto","background-attachment":"scroll","background-type":"","background-media":"","overlay-type":"","overlay-color":"","overlay-gradient":""},"tablet":{"background-color":"","background-image":"","background-repeat":"repeat","background-position":"center center","background-size":"auto","background-attachment":"scroll","background-type":"","background-media":"","overlay-type":"","overlay-color":"","overlay-gradient":""},"mobile":{"background-color":"","background-image":"","background-repeat":"repeat","background-position":"center center","background-size":"auto","background-attachment":"scroll","background-type":"","background-media":"","overlay-type":"","overlay-color":"","overlay-gradient":""}},"ast-content-background-meta":{"desktop":{"background-color":"var(--ast-global-color-5)","background-image":"","background-repeat":"repeat","background-position":"center center","background-size":"auto","background-attachment":"scroll","background-type":"","background-media":"","overlay-type":"","overlay-color":"","overlay-gradient":""},"tablet":{"background-color":"var(--ast-global-color-5)","background-image":"","background-repeat":"repeat","background-position":"center center","background-size":"auto","background-attachment":"scroll","background-type":"","background-media":"","overlay-type":"","overlay-color":"","overlay-gradient":""},"mobile":{"background-color":"var(--ast-global-color-5)","background-image":"","background-repeat":"repeat","background-position":"center center","background-size":"auto","background-attachment":"scroll","background-type":"","background-media":"","overlay-type":"","overlay-color":"","overlay-gradient":""}},"footnotes":""},"uagb_featured_image_src":{"full":["https:\/\/solar2.standardof.net\/wp-content\/uploads\/sites\/2\/2020\/10\/Solar-2-Header-Background-1.jpeg",1680,1050,false],"thumbnail":["https:\/\/solar2.standardof.net\/wp-content\/uploads\/sites\/2\/2020\/10\/Solar-2-Header-Background-1-150x150.jpeg",150,150,true],"medium":["https:\/\/solar2.standardof.net\/wp-content\/uploads\/sites\/2\/2020\/10\/Solar-2-Header-Background-1-300x188.jpeg",300,188,true],"medium_large":["https:\/\/solar2.standardof.net\/wp-content\/uploads\/sites\/2\/2020\/10\/Solar-2-Header-Background-1.jpeg",768,480,false],"large":["https:\/\/solar2.standardof.net\/wp-content\/uploads\/sites\/2\/2020\/10\/Solar-2-Header-Background-1-1024x640.jpeg",1024,640,true],"1536x1536":["https:\/\/solar2.standardof.net\/wp-content\/uploads\/sites\/2\/2020\/10\/Solar-2-Header-Background-1.jpeg",1536,960,false],"2048x2048":["https:\/\/solar2.standardof.net\/wp-content\/uploads\/sites\/2\/2020\/10\/Solar-2-Header-Background-1.jpeg",1680,1050,false],"trp-custom-language-flag":["https:\/\/solar2.standardof.net\/wp-content\/uploads\/sites\/2\/2020\/10\/Solar-2-Header-Background-1-16x10.jpeg",16,10,true]},"uagb_author_info":{"display_name":"SOE","author_link":"https:\/\/solar2.standardof.net\/pt\/author\/k-tastic\/"},"uagb_comment_info":0,"uagb_excerpt":"Extinction Missions This pair of missions that make up the Extinction chain have you handling a race of Dinosaurs that have evolved to a space faring civilization. The Entity does not seem to be down with this development and wants them eliminated. This mission chain uses a combination of tactics from the Assassin and Best&hellip;","_links":{"self":[{"href":"https:\/\/solar2.standardof.net\/pt\/wp-json\/wp\/v2\/pages\/62"}],"collection":[{"href":"https:\/\/solar2.standardof.net\/pt\/wp-json\/wp\/v2\/pages"}],"about":[{"href":"https:\/\/solar2.standardof.net\/pt\/wp-json\/wp\/v2\/types\/page"}],"author":[{"embeddable":true,"href":"https:\/\/solar2.standardof.net\/pt\/wp-json\/wp\/v2\/users\/1"}],"replies":[{"embeddable":true,"href":"https:\/\/solar2.standardof.net\/pt\/wp-json\/wp\/v2\/comments?post=62"}],"version-history":[{"count":0,"href":"https:\/\/solar2.standardof.net\/pt\/wp-json\/wp\/v2\/pages\/62\/revisions"}],"up":[{"embeddable":true,"href":"https:\/\/solar2.standardof.net\/pt\/wp-json\/wp\/v2\/pages\/51"}],"wp:featuredmedia":[{"embeddable":true,"href":"https:\/\/solar2.standardof.net\/pt\/wp-json\/wp\/v2\/media\/12"}],"wp:attachment":[{"href":"https:\/\/solar2.standardof.net\/pt\/wp-json\/wp\/v2\/media?parent=62"}],"curies":[{"name":"wp","href":"https:\/\/api.w.org\/{rel}","templated":true}]}}