{"id":66,"date":"2020-10-13T23:34:30","date_gmt":"2020-10-13T23:34:30","guid":{"rendered":"https:\/\/solar2.standardof.net\/?page_id=66"},"modified":"2020-10-15T14:34:43","modified_gmt":"2020-10-15T14:34:43","slug":"fun-and-games-missions","status":"publish","type":"page","link":"https:\/\/solar2.standardof.net\/pt\/solar-2-guide\/estagio-de-asteroide-2\/missoes-de-diversao-e-jogos\/","title":{"rendered":"Miss\u00f5es de divers\u00e3o e jogos"},"content":{"rendered":"<p>A s\u00e9rie de miss\u00f5es Fun and Games em&nbsp;<em>Solar 2<\/em>&nbsp;testa suas habilidades em manobrar seu aster\u00f3ide, com a tarefa de evitar uma s\u00e9rie de perigos vol\u00e1teis que amea\u00e7am sua exist\u00eancia.<\/p>\n\n\n\n<h2 class=\"wp-block-heading\">Dicas para essas miss\u00f5es<\/h2>\n\n\n\n<p>Certifique-se de que a chave de caminho esteja ativada para todos os tr\u00eas n\u00edveis. Como um aster\u00f3ide, provavelmente \u00e9 nessas tarefas que as linhas que mostram a rota que voc\u00ea precisa seguir para evitar os v\u00e1rios perigos que voc\u00ea enfrenta s\u00e3o as mais \u00fateis. Morrer em qualquer uma dessas miss\u00f5es o for\u00e7ar\u00e1 a reiniciar o n\u00edvel em que estava.<\/p>\n\n\n\n<hr class=\"wp-block-separator\"\/>\n\n\n\n<h2 class=\"wp-block-heading\">Divers\u00e3o e jogos 1<\/h2>\n\n\n\n<p>O primeiro n\u00edvel nesta cadeia consiste em desviar de quatro m\u00edsseis, testando suas habilidades em conduzir esses explosivos contra outros objetos pr\u00f3ximos para tir\u00e1-los de sua cauda. Os m\u00edsseis v\u00e3o se aproximar de voc\u00ea do lado esquerdo e direito da tela com um par gerado em cada lado, ent\u00e3o comece a viajar para cima ou para baixo na tela antes mesmo de v\u00ea-los. Se voc\u00ea permanecer im\u00f3vel at\u00e9 que eles fiquem vis\u00edveis na tela, \u00e9 prov\u00e1vel que voc\u00ea seja destru\u00eddo antes de ganhar velocidade suficiente para evitar ser atingido.<\/p>\n\n\n\n<p>A chave do caminho nesta miss\u00e3o permite que voc\u00ea tenha um tempo mais f\u00e1cil de perder esses m\u00edsseis, mostrando a dire\u00e7\u00e3o de onde eles est\u00e3o vindo, mesmo que n\u00e3o seja vis\u00edvel na tela, desenhando uma linha direta de sua localiza\u00e7\u00e3o conectando-se ao seu aster\u00f3ide. Voc\u00ea quer \u201cquebrar\u201d essas linhas posicionando-se de forma que um planeta, aster\u00f3ide ou estrela fique abaixo da linha branca. Se feito corretamente, os m\u00edsseis ir\u00e3o colidir diretamente com o referido objeto.<\/p>\n\n\n\n<hr class=\"wp-block-separator\"\/>\n\n\n\n<h2 class=\"wp-block-heading\">Divers\u00e3o e jogos 2<\/h2>\n\n\n\n<p>Igual ao primeiro n\u00edvel, apenas mais m\u00edsseis, 40 para ser exato. Todas as t\u00e1ticas e estrat\u00e9gias s\u00e3o as mesmas da primeira vez, com exce\u00e7\u00e3o de um desafio maior. Planetas e estrelas ser\u00e3o sua prioridade, j\u00e1 que eles podem destruir v\u00e1rios m\u00edsseis de uma vez, enquanto os aster\u00f3ides ir\u00e3o destruir apenas um m\u00edssil cada.<\/p>\n\n\n\n<div class=\"wp-block-image\"><figure class=\"aligncenter size-large\"><img decoding=\"async\" src=\"https:\/\/solar2.standardof.net\/wp-content\/uploads\/sites\/2\/2020\/10\/Solar-2-Asteroid-Stage-Fun-and-Games-Mission-2-1024x576.jpg\" alt=\"Divers\u00e3o e jogos 2\" class=\"wp-image-67\"\/><figcaption>Liderando alguns m\u00edsseis em um planeta em Divers\u00e3o e Jogos 2<\/figcaption><\/figure><\/div>\n\n\n\n<hr class=\"wp-block-separator\"\/>\n\n\n\n<h2 class=\"wp-block-heading\">Divers\u00e3o e jogos 3<\/h2>\n\n\n\n<p>Agora o desafio realmente aumenta, mudando os objetos lan\u00e7ados em voc\u00ea de um lote de m\u00edsseis para uma s\u00e9rie de estrelas que voc\u00ea precisar\u00e1 esquivar continuamente por 20 segundos. As t\u00e1ticas neste n\u00edvel realmente mudam, j\u00e1 que agora voc\u00ea est\u00e1 lidando com uma desova constante de objetos com po\u00e7os de gravidade que podem afetar seu movimento simplesmente passando ao seu lado.<\/p>\n\n\n\n<p>Sua melhor aposta aqui \u00e9 fazer um padr\u00e3o em ziguezague, mudando de dire\u00e7\u00e3o a cada segundo, pois leva um segundo para uma nova estrela aparecer e elas sempre parecem surgir viajando na dire\u00e7\u00e3o para a qual voc\u00ea estava indo naquele momento. Se voc\u00ea encontrar um sistema solar pr\u00f3ximo, ele pode ajud\u00e1-lo como uma semi barreira, no entanto, voc\u00ea deve evitar tentar viajar muito r\u00e1pido ou para longe, pois uma velocidade moderada \u00e9 mais \u00fatil quando se trata da mudan\u00e7a constante de dire\u00e7\u00e3o que voc\u00ea deve fazer.<\/p>\n\n\n\n<div class=\"wp-block-image\"><figure class=\"aligncenter size-large is-resized\"><img decoding=\"async\" src=\"https:\/\/solar2.standardof.net\/wp-content\/uploads\/sites\/2\/2020\/10\/Solar-2-Asteroid-Stage-Fun-and-Games-Mission-3-1024x576.jpg\" alt=\"Divers\u00e3o e jogos 3\" class=\"wp-image-68\" width=\"1024\" height=\"576\"\/><figcaption>Evitando estrelas no n\u00edvel 3 de Divers\u00e3o e Jogos<\/figcaption><\/figure><\/div>\n\n\n\n<hr class=\"wp-block-separator\"\/>\n\n\n\n<h3 class=\"wp-block-heading\">Guia de v\u00eddeo de divers\u00e3o e jogos<\/h3>\n\n\n\n<figure class=\"wp-block-embed-youtube wp-block-embed is-type-video is-provider-youtube wp-embed-aspect-16-9 wp-has-aspect-ratio\"><div class=\"wp-block-embed__wrapper\">\n<div class=\"ast-oembed-container\" style=\"height: 100%;\"><iframe title=\"Solar 2 Asteroid Missions - n\u00edveis de divers\u00e3o e jogos - guia passo a passo\" width=\"500\" height=\"281\" src=\"https:\/\/www.youtube.com\/embed\/SOXmzRhfOs4?feature=oembed\" frameborder=\"0\" allow=\"accelerometer; autoplay; clipboard-write; encrypted-media; gyroscope; picture-in-picture; web-share\" referrerpolicy=\"strict-origin-when-cross-origin\" allowfullscreen><\/iframe><\/div>\n<\/div><\/figure>","protected":false},"excerpt":{"rendered":"<p>The Fun and Games series of missions in&nbsp;Solar 2&nbsp;tests your skills at maneuvering your asteroid, tasked with dodging a series of volatile hazards that threaten your existence. Tips For These Missions Make sure you have the path key turned on for all three of these levels. As an asteroid, these tasks are probably where having [&hellip;]<\/p>","protected":false},"author":1,"featured_media":12,"parent":51,"menu_order":0,"comment_status":"open","ping_status":"closed","template":"","meta":{"_uag_custom_page_level_css":"","site-sidebar-layout":"default","site-content-layout":"default","ast-site-content-layout":"","site-content-style":"default","site-sidebar-style":"default","ast-global-header-display":"","ast-banner-title-visibility":"","ast-main-header-display":"","ast-hfb-above-header-display":"","ast-hfb-below-header-display":"","ast-hfb-mobile-header-display":"","site-post-title":"","ast-breadcrumbs-content":"","ast-featured-img":"","footer-sml-layout":"","theme-transparent-header-meta":"default","adv-header-id-meta":"","stick-header-meta":"","header-above-stick-meta":"","header-main-stick-meta":"","header-below-stick-meta":"","astra-migrate-meta-layouts":"default","ast-page-background-enabled":"default","ast-page-background-meta":{"desktop":{"background-color":"","background-image":"","background-repeat":"repeat","background-position":"center center","background-size":"auto","background-attachment":"scroll","background-type":"","background-media":"","overlay-type":"","overlay-color":"","overlay-gradient":""},"tablet":{"background-color":"","background-image":"","background-repeat":"repeat","background-position":"center center","background-size":"auto","background-attachment":"scroll","background-type":"","background-media":"","overlay-type":"","overlay-color":"","overlay-gradient":""},"mobile":{"background-color":"","background-image":"","background-repeat":"repeat","background-position":"center center","background-size":"auto","background-attachment":"scroll","background-type":"","background-media":"","overlay-type":"","overlay-color":"","overlay-gradient":""}},"ast-content-background-meta":{"desktop":{"background-color":"var(--ast-global-color-5)","background-image":"","background-repeat":"repeat","background-position":"center center","background-size":"auto","background-attachment":"scroll","background-type":"","background-media":"","overlay-type":"","overlay-color":"","overlay-gradient":""},"tablet":{"background-color":"var(--ast-global-color-5)","background-image":"","background-repeat":"repeat","background-position":"center center","background-size":"auto","background-attachment":"scroll","background-type":"","background-media":"","overlay-type":"","overlay-color":"","overlay-gradient":""},"mobile":{"background-color":"var(--ast-global-color-5)","background-image":"","background-repeat":"repeat","background-position":"center center","background-size":"auto","background-attachment":"scroll","background-type":"","background-media":"","overlay-type":"","overlay-color":"","overlay-gradient":""}},"footnotes":""},"uagb_featured_image_src":{"full":["https:\/\/solar2.standardof.net\/wp-content\/uploads\/sites\/2\/2020\/10\/Solar-2-Header-Background-1.jpeg",1680,1050,false],"thumbnail":["https:\/\/solar2.standardof.net\/wp-content\/uploads\/sites\/2\/2020\/10\/Solar-2-Header-Background-1-150x150.jpeg",150,150,true],"medium":["https:\/\/solar2.standardof.net\/wp-content\/uploads\/sites\/2\/2020\/10\/Solar-2-Header-Background-1-300x188.jpeg",300,188,true],"medium_large":["https:\/\/solar2.standardof.net\/wp-content\/uploads\/sites\/2\/2020\/10\/Solar-2-Header-Background-1.jpeg",768,480,false],"large":["https:\/\/solar2.standardof.net\/wp-content\/uploads\/sites\/2\/2020\/10\/Solar-2-Header-Background-1-1024x640.jpeg",1024,640,true],"1536x1536":["https:\/\/solar2.standardof.net\/wp-content\/uploads\/sites\/2\/2020\/10\/Solar-2-Header-Background-1.jpeg",1536,960,false],"2048x2048":["https:\/\/solar2.standardof.net\/wp-content\/uploads\/sites\/2\/2020\/10\/Solar-2-Header-Background-1.jpeg",1680,1050,false],"trp-custom-language-flag":["https:\/\/solar2.standardof.net\/wp-content\/uploads\/sites\/2\/2020\/10\/Solar-2-Header-Background-1-16x10.jpeg",16,10,true]},"uagb_author_info":{"display_name":"SOE","author_link":"https:\/\/solar2.standardof.net\/pt\/author\/k-tastic\/"},"uagb_comment_info":0,"uagb_excerpt":"The Fun and Games series of missions in&nbsp;Solar 2&nbsp;tests your skills at maneuvering your asteroid, tasked with dodging a series of volatile hazards that threaten your existence. Tips For These Missions Make sure you have the path key turned on for all three of these levels. As an asteroid, these tasks are probably where having&hellip;","_links":{"self":[{"href":"https:\/\/solar2.standardof.net\/pt\/wp-json\/wp\/v2\/pages\/66"}],"collection":[{"href":"https:\/\/solar2.standardof.net\/pt\/wp-json\/wp\/v2\/pages"}],"about":[{"href":"https:\/\/solar2.standardof.net\/pt\/wp-json\/wp\/v2\/types\/page"}],"author":[{"embeddable":true,"href":"https:\/\/solar2.standardof.net\/pt\/wp-json\/wp\/v2\/users\/1"}],"replies":[{"embeddable":true,"href":"https:\/\/solar2.standardof.net\/pt\/wp-json\/wp\/v2\/comments?post=66"}],"version-history":[{"count":0,"href":"https:\/\/solar2.standardof.net\/pt\/wp-json\/wp\/v2\/pages\/66\/revisions"}],"up":[{"embeddable":true,"href":"https:\/\/solar2.standardof.net\/pt\/wp-json\/wp\/v2\/pages\/51"}],"wp:featuredmedia":[{"embeddable":true,"href":"https:\/\/solar2.standardof.net\/pt\/wp-json\/wp\/v2\/media\/12"}],"wp:attachment":[{"href":"https:\/\/solar2.standardof.net\/pt\/wp-json\/wp\/v2\/media?parent=66"}],"curies":[{"name":"wp","href":"https:\/\/api.w.org\/{rel}","templated":true}]}}