{"id":70,"date":"2020-10-13T23:41:20","date_gmt":"2020-10-13T23:41:20","guid":{"rendered":"https:\/\/solar2.standardof.net\/?page_id=70"},"modified":"2020-10-15T14:34:24","modified_gmt":"2020-10-15T14:34:24","slug":"challenge-mission-1-stay-young","status":"publish","type":"page","link":"https:\/\/solar2.standardof.net\/pt\/solar-2-guide\/estagio-de-asteroide-2\/desafio-missao-1-estadia-jovem-2\/","title":{"rendered":"Asteroid Challenge Mission 1: Stay Young"},"content":{"rendered":"<div class=\"wp-block-image\"><figure class=\"aligncenter size-large\"><img decoding=\"async\" src=\"https:\/\/solar2.standardof.net\/wp-content\/uploads\/sites\/2\/2020\/10\/Solar-2-Asteroid-Stage-Challenge-Mission-1-Stay-Young-1024x576.jpg\" alt=\"Asteroid Challenge Mission 1: Stay Young\" class=\"wp-image-72\"\/><figcaption>Evitando an\u00e9is em espiral de aster\u00f3ides para permanecer jovem <\/figcaption><\/figure><\/div>\n\n\n\n<h3 class=\"wp-block-heading\">Miss\u00e3o de desafio 1: permanecer jovem<\/h3>\n\n\n\n<p>Na primeira miss\u00e3o de desafio de aster\u00f3ides, Stay Young, voc\u00ea tem a tarefa de manter sua rocha dentro de um grande c\u00edrculo desenhado no espa\u00e7o, enquanto onda ap\u00f3s onda de pilhas de aster\u00f3ides s\u00e3o lan\u00e7adas contra voc\u00ea e dentro do anel em geral. O truque aqui \u00e9 que voc\u00ea precisa evitar evoluir para um Pequeno Planeta o m\u00e1ximo poss\u00edvel, o que \u00e9 dif\u00edcil por ter que evitar colis\u00f5es com outros aster\u00f3ides para fazer isso.<\/p>\n\n\n\n<p>Pontua\u00e7\u00e3o f\u00e1cil: 15 segundos<br>Pontua\u00e7\u00e3o m\u00e9dia: 25 segundos&nbsp;<br>Pontua\u00e7\u00e3o dif\u00edcil: 40 segundos<\/p>\n\n\n\n<p>A ideia geral para bater a pontua\u00e7\u00e3o dif\u00edcil em Stay Young \u00e9 mover em um padr\u00e3o circular, aproveitando sua r\u00e1pida acelera\u00e7\u00e3o enquanto ainda \u00e9 uma pequena pedra para evitar as ondas que chegam. Os aster\u00f3ides vir\u00e3o at\u00e9 voc\u00ea em um padr\u00e3o espiral que se concentra em sua localiza\u00e7\u00e3o atual quando a onda surge. Escolha a rota\u00e7\u00e3o no sentido hor\u00e1rio ou anti-hor\u00e1rio para o seu caminho e abaixe e se esquive conforme necess\u00e1rio. Se voc\u00ea se tornar um aster\u00f3ide muito grande, ter\u00e1 cada vez mais dificuldade em evitar mais colis\u00f5es devido ao seu tamanho e gravidade. Finalmente, fique longe de quaisquer planetas que consigam desovar, o que pode acontecer no centro das espirais, onde todos os aster\u00f3ides colidem uns com os outros, j\u00e1 que a gravidade deles o puxar\u00e1 para dentro e impedir\u00e1 os movimentos precisos que voc\u00ea precisa para realizar.<\/p>\n\n\n\n<hr class=\"wp-block-separator\"\/>\n\n\n\n<h3 class=\"has-text-align-center wp-block-heading\">Guia de v\u00eddeo para permanecer jovem<\/h3>\n\n\n\n<figure class=\"wp-block-embed-youtube wp-block-embed is-type-video is-provider-youtube wp-embed-aspect-16-9 wp-has-aspect-ratio\"><div class=\"wp-block-embed__wrapper\">\n<div class=\"ast-oembed-container\" style=\"height: 100%;\"><iframe title=\"Solar 2 - Mantenha-se jovem - Miss\u00e3o de desafio de aster\u00f3ide - Pontua\u00e7\u00e3o dif\u00edcil\" width=\"500\" height=\"281\" src=\"https:\/\/www.youtube.com\/embed\/PrWAKHmFEf4?feature=oembed\" frameborder=\"0\" allow=\"accelerometer; autoplay; clipboard-write; encrypted-media; gyroscope; picture-in-picture; web-share\" referrerpolicy=\"strict-origin-when-cross-origin\" allowfullscreen><\/iframe><\/div>\n<\/div><\/figure>","protected":false},"excerpt":{"rendered":"<p>Challenge Mission 1: Stay Young In the first Asteroid challenge mission, Stay Young, you are tasked with keeping your rock within a large circle drawn in space while wave after wave of piles of asteroids are thrown at you and inside the ring in general. The trick here is that you have to keep from [&hellip;]<\/p>","protected":false},"author":1,"featured_media":12,"parent":51,"menu_order":0,"comment_status":"open","ping_status":"closed","template":"","meta":{"_uag_custom_page_level_css":"","site-sidebar-layout":"default","site-content-layout":"default","ast-site-content-layout":"","site-content-style":"default","site-sidebar-style":"default","ast-global-header-display":"","ast-banner-title-visibility":"","ast-main-header-display":"","ast-hfb-above-header-display":"","ast-hfb-below-header-display":"","ast-hfb-mobile-header-display":"","site-post-title":"","ast-breadcrumbs-content":"","ast-featured-img":"","footer-sml-layout":"","theme-transparent-header-meta":"default","adv-header-id-meta":"","stick-header-meta":"","header-above-stick-meta":"","header-main-stick-meta":"","header-below-stick-meta":"","astra-migrate-meta-layouts":"default","ast-page-background-enabled":"default","ast-page-background-meta":{"desktop":{"background-color":"","background-image":"","background-repeat":"repeat","background-position":"center center","background-size":"auto","background-attachment":"scroll","background-type":"","background-media":"","overlay-type":"","overlay-color":"","overlay-gradient":""},"tablet":{"background-color":"","background-image":"","background-repeat":"repeat","background-position":"center center","background-size":"auto","background-attachment":"scroll","background-type":"","background-media":"","overlay-type":"","overlay-color":"","overlay-gradient":""},"mobile":{"background-color":"","background-image":"","background-repeat":"repeat","background-position":"center center","background-size":"auto","background-attachment":"scroll","background-type":"","background-media":"","overlay-type":"","overlay-color":"","overlay-gradient":""}},"ast-content-background-meta":{"desktop":{"background-color":"var(--ast-global-color-5)","background-image":"","background-repeat":"repeat","background-position":"center center","background-size":"auto","background-attachment":"scroll","background-type":"","background-media":"","overlay-type":"","overlay-color":"","overlay-gradient":""},"tablet":{"background-color":"var(--ast-global-color-5)","background-image":"","background-repeat":"repeat","background-position":"center center","background-size":"auto","background-attachment":"scroll","background-type":"","background-media":"","overlay-type":"","overlay-color":"","overlay-gradient":""},"mobile":{"background-color":"var(--ast-global-color-5)","background-image":"","background-repeat":"repeat","background-position":"center center","background-size":"auto","background-attachment":"scroll","background-type":"","background-media":"","overlay-type":"","overlay-color":"","overlay-gradient":""}},"footnotes":""},"uagb_featured_image_src":{"full":["https:\/\/solar2.standardof.net\/wp-content\/uploads\/sites\/2\/2020\/10\/Solar-2-Header-Background-1.jpeg",1680,1050,false],"thumbnail":["https:\/\/solar2.standardof.net\/wp-content\/uploads\/sites\/2\/2020\/10\/Solar-2-Header-Background-1-150x150.jpeg",150,150,true],"medium":["https:\/\/solar2.standardof.net\/wp-content\/uploads\/sites\/2\/2020\/10\/Solar-2-Header-Background-1-300x188.jpeg",300,188,true],"medium_large":["https:\/\/solar2.standardof.net\/wp-content\/uploads\/sites\/2\/2020\/10\/Solar-2-Header-Background-1.jpeg",768,480,false],"large":["https:\/\/solar2.standardof.net\/wp-content\/uploads\/sites\/2\/2020\/10\/Solar-2-Header-Background-1-1024x640.jpeg",1024,640,true],"1536x1536":["https:\/\/solar2.standardof.net\/wp-content\/uploads\/sites\/2\/2020\/10\/Solar-2-Header-Background-1.jpeg",1536,960,false],"2048x2048":["https:\/\/solar2.standardof.net\/wp-content\/uploads\/sites\/2\/2020\/10\/Solar-2-Header-Background-1.jpeg",1680,1050,false],"trp-custom-language-flag":["https:\/\/solar2.standardof.net\/wp-content\/uploads\/sites\/2\/2020\/10\/Solar-2-Header-Background-1-16x10.jpeg",16,10,true]},"uagb_author_info":{"display_name":"SOE","author_link":"https:\/\/solar2.standardof.net\/pt\/author\/k-tastic\/"},"uagb_comment_info":0,"uagb_excerpt":"Challenge Mission 1: Stay Young In the first Asteroid challenge mission, Stay Young, you are tasked with keeping your rock within a large circle drawn in space while wave after wave of piles of asteroids are thrown at you and inside the ring in general. The trick here is that you have to keep from&hellip;","_links":{"self":[{"href":"https:\/\/solar2.standardof.net\/pt\/wp-json\/wp\/v2\/pages\/70"}],"collection":[{"href":"https:\/\/solar2.standardof.net\/pt\/wp-json\/wp\/v2\/pages"}],"about":[{"href":"https:\/\/solar2.standardof.net\/pt\/wp-json\/wp\/v2\/types\/page"}],"author":[{"embeddable":true,"href":"https:\/\/solar2.standardof.net\/pt\/wp-json\/wp\/v2\/users\/1"}],"replies":[{"embeddable":true,"href":"https:\/\/solar2.standardof.net\/pt\/wp-json\/wp\/v2\/comments?post=70"}],"version-history":[{"count":0,"href":"https:\/\/solar2.standardof.net\/pt\/wp-json\/wp\/v2\/pages\/70\/revisions"}],"up":[{"embeddable":true,"href":"https:\/\/solar2.standardof.net\/pt\/wp-json\/wp\/v2\/pages\/51"}],"wp:featuredmedia":[{"embeddable":true,"href":"https:\/\/solar2.standardof.net\/pt\/wp-json\/wp\/v2\/media\/12"}],"wp:attachment":[{"href":"https:\/\/solar2.standardof.net\/pt\/wp-json\/wp\/v2\/media?parent=70"}],"curies":[{"name":"wp","href":"https:\/\/api.w.org\/{rel}","templated":true}]}}