{"id":71,"date":"2020-10-13T23:44:39","date_gmt":"2020-10-13T23:44:39","guid":{"rendered":"https:\/\/solar2.standardof.net\/?page_id=71"},"modified":"2020-10-14T12:52:22","modified_gmt":"2020-10-14T12:52:22","slug":"challenge-mission-2-zombie-geometry","status":"publish","type":"page","link":"https:\/\/solar2.standardof.net\/pt\/solar-2-guide\/estagio-de-asteroide-2\/desafio-missao-2-zumbi-geometria-2\/","title":{"rendered":"Asteroid Challenge Mission 2: Zombie Geometry"},"content":{"rendered":"<h2 class=\"wp-block-heading\">Miss\u00e3o de desafio 2: geometria zumbi<\/h2>\n\n\n\n<figure class=\"wp-block-gallery columns-2 is-cropped wp-block-gallery-1 is-layout-flex wp-block-gallery-is-layout-flex\"><ul class=\"blocks-gallery-grid\"><li class=\"blocks-gallery-item\"><figure><img decoding=\"async\" src=\"https:\/\/solar2.standardof.net\/wp-content\/uploads\/sites\/2\/2020\/10\/Solar-2-Asteroid-Stage-Challenge-Mission-2-Zombie-Geometry-1-1024x576.jpg\" alt=\"Asteroid Challenge Mission 2: Zombie Geometry\" data-id=\"74\" data-full-url=\"https:\/\/solar2.standardof.net\/wp-content\/uploads\/sites\/2\/2020\/10\/Solar-2-Asteroid-Stage-Challenge-Mission-2-Zombie-Geometry-1.jpg\" data-link=\"https:\/\/solar2.standardof.net\/?attachment_id=74\" class=\"wp-image-74\"\/><figcaption class=\"blocks-gallery-item__caption\">Zombie Geometry come\u00e7a um pouco simples.<\/figcaption><\/figure><\/li><li class=\"blocks-gallery-item\"><figure><img decoding=\"async\" width=\"1024\" height=\"576\" src=\"https:\/\/solar2.standardof.net\/wp-content\/uploads\/sites\/2\/2020\/10\/Solar-2-Asteroid-Stage-Challenge-Mission-2-Zombie-Geometry-2-1024x576.jpg\" alt=\"Asteroid Challenge Mission 2: Zombie Geometry\" data-id=\"75\" data-full-url=\"https:\/\/solar2.standardof.net\/wp-content\/uploads\/sites\/2\/2020\/10\/Solar-2-Asteroid-Stage-Challenge-Mission-2-Zombie-Geometry-2.jpg\" data-link=\"https:\/\/solar2.standardof.net\/?attachment_id=75\" class=\"wp-image-75\" srcset=\"https:\/\/solar2.standardof.net\/wp-content\/uploads\/sites\/2\/2020\/10\/Solar-2-Asteroid-Stage-Challenge-Mission-2-Zombie-Geometry-2-1024x576.jpg 1024w, https:\/\/solar2.standardof.net\/wp-content\/uploads\/sites\/2\/2020\/10\/Solar-2-Asteroid-Stage-Challenge-Mission-2-Zombie-Geometry-2-300x169.jpg 300w, https:\/\/solar2.standardof.net\/wp-content\/uploads\/sites\/2\/2020\/10\/Solar-2-Asteroid-Stage-Challenge-Mission-2-Zombie-Geometry-2-16x9.jpg 16w, https:\/\/solar2.standardof.net\/wp-content\/uploads\/sites\/2\/2020\/10\/Solar-2-Asteroid-Stage-Challenge-Mission-2-Zombie-Geometry-2.jpg 1920w\" sizes=\"(max-width: 1024px) 100vw, 1024px\" \/><figcaption class=\"blocks-gallery-item__caption\">Em seguida, leva a alguns n\u00edveis extremos de dificuldade.<\/figcaption><\/figure><\/li><\/ul><\/figure>\n\n\n\n<p>A segunda miss\u00e3o de desafio dispon\u00edvel no Asteroid Stage \u00e9 Zombie Geometry, que envolve voc\u00ea se esquivando de obst\u00e1culos novamente, bem como no desafio anterior, por\u00e9m com suas pr\u00f3prias reviravoltas especiais. Novamente, voc\u00ea ter\u00e1 que esperar um cron\u00f4metro para alcan\u00e7ar a pontua\u00e7\u00e3o necess\u00e1ria.<\/p>\n\n\n\n<p>Pontua\u00e7\u00e3o f\u00e1cil: 30 segundos<br>Pontua\u00e7\u00e3o m\u00e9dia: 1 minuto<br>Pontua\u00e7\u00e3o dif\u00edcil: 1:30 (1 minuto, 30 segundos)<\/p>\n\n\n\n<p>O truque geral para este n\u00edvel \u00e9 determinar rapidamente o caminho dos obst\u00e1culos que est\u00e3o voando em sua dire\u00e7\u00e3o em cada onda, enquanto se procura por uma abertura apropriada o mais r\u00e1pido poss\u00edvel. Todos os itens que encontrar ir\u00e3o aniquil\u00e1-lo com um \u00fanico golpe, ent\u00e3o voc\u00ea ter\u00e1 que evitar qualquer colis\u00e3o. Outra reviravolta \u00fanica aqui \u00e9 que sua tela ser\u00e1 direcionada para uma se\u00e7\u00e3o do espa\u00e7o, com obst\u00e1culos surgindo nas bordas, portanto, sua mobilidade \u00e9 limitada at\u00e9 certo ponto, tendo que ficar dentro dos limites da pr\u00f3pria tela. Como a maioria dos objetos voando em sua dire\u00e7\u00e3o ser\u00e3o m\u00edsseis, voc\u00ea pode usar suas trilhas para ter uma ideia antecipada de para onde eles estar\u00e3o voando. Finalmente, observe que as ondas s\u00e3o as mesmas em cada jogada e n\u00e3o mudam dependendo da sua localiza\u00e7\u00e3o no espa\u00e7o, ent\u00e3o tentar v\u00e1rias vezes tamb\u00e9m permitir\u00e1 que voc\u00ea preveja o que precisa fazer para avan\u00e7ar.<\/p>\n\n\n\n<hr class=\"wp-block-separator\"\/>\n\n\n\n<h3 class=\"has-text-align-center wp-block-heading\">Guia de v\u00eddeo de geometria zumbi<\/h3>\n\n\n\n<figure class=\"wp-block-embed-youtube wp-block-embed is-type-video is-provider-youtube wp-embed-aspect-16-9 wp-has-aspect-ratio\"><div class=\"wp-block-embed__wrapper\">\n<div class=\"ast-oembed-container\" style=\"height: 100%;\"><iframe title=\"Solar 2 - Geometria de zumbi - Miss\u00e3o de desafio de aster\u00f3ide - Pontua\u00e7\u00e3o dif\u00edcil\" width=\"500\" height=\"281\" src=\"https:\/\/www.youtube.com\/embed\/G8jma-WSMQk?feature=oembed\" frameborder=\"0\" allow=\"accelerometer; autoplay; clipboard-write; encrypted-media; gyroscope; picture-in-picture; web-share\" referrerpolicy=\"strict-origin-when-cross-origin\" allowfullscreen><\/iframe><\/div>\n<\/div><\/figure>","protected":false},"excerpt":{"rendered":"<p>Challenge Mission 2: Zombie Geometry The second challenge mission available in the Asteroid Stage is Zombie Geometry, which involves you dodging obstacles again, much like in the previous challenge, however with it&#8217;s own special twists. Again, you will have to wait out a timer to reach the score you need. Easy Score: 30 secondsMedium Score: [&hellip;]<\/p>","protected":false},"author":1,"featured_media":12,"parent":51,"menu_order":0,"comment_status":"open","ping_status":"closed","template":"","meta":{"_uag_custom_page_level_css":"","site-sidebar-layout":"default","site-content-layout":"default","ast-site-content-layout":"","site-content-style":"default","site-sidebar-style":"default","ast-global-header-display":"","ast-banner-title-visibility":"","ast-main-header-display":"","ast-hfb-above-header-display":"","ast-hfb-below-header-display":"","ast-hfb-mobile-header-display":"","site-post-title":"","ast-breadcrumbs-content":"","ast-featured-img":"","footer-sml-layout":"","theme-transparent-header-meta":"default","adv-header-id-meta":"","stick-header-meta":"","header-above-stick-meta":"","header-main-stick-meta":"","header-below-stick-meta":"","astra-migrate-meta-layouts":"default","ast-page-background-enabled":"default","ast-page-background-meta":{"desktop":{"background-color":"","background-image":"","background-repeat":"repeat","background-position":"center center","background-size":"auto","background-attachment":"scroll","background-type":"","background-media":"","overlay-type":"","overlay-color":"","overlay-gradient":""},"tablet":{"background-color":"","background-image":"","background-repeat":"repeat","background-position":"center center","background-size":"auto","background-attachment":"scroll","background-type":"","background-media":"","overlay-type":"","overlay-color":"","overlay-gradient":""},"mobile":{"background-color":"","background-image":"","background-repeat":"repeat","background-position":"center center","background-size":"auto","background-attachment":"scroll","background-type":"","background-media":"","overlay-type":"","overlay-color":"","overlay-gradient":""}},"ast-content-background-meta":{"desktop":{"background-color":"var(--ast-global-color-5)","background-image":"","background-repeat":"repeat","background-position":"center center","background-size":"auto","background-attachment":"scroll","background-type":"","background-media":"","overlay-type":"","overlay-color":"","overlay-gradient":""},"tablet":{"background-color":"var(--ast-global-color-5)","background-image":"","background-repeat":"repeat","background-position":"center center","background-size":"auto","background-attachment":"scroll","background-type":"","background-media":"","overlay-type":"","overlay-color":"","overlay-gradient":""},"mobile":{"background-color":"var(--ast-global-color-5)","background-image":"","background-repeat":"repeat","background-position":"center center","background-size":"auto","background-attachment":"scroll","background-type":"","background-media":"","overlay-type":"","overlay-color":"","overlay-gradient":""}},"footnotes":""},"uagb_featured_image_src":{"full":["https:\/\/solar2.standardof.net\/wp-content\/uploads\/sites\/2\/2020\/10\/Solar-2-Header-Background-1.jpeg",1680,1050,false],"thumbnail":["https:\/\/solar2.standardof.net\/wp-content\/uploads\/sites\/2\/2020\/10\/Solar-2-Header-Background-1-150x150.jpeg",150,150,true],"medium":["https:\/\/solar2.standardof.net\/wp-content\/uploads\/sites\/2\/2020\/10\/Solar-2-Header-Background-1-300x188.jpeg",300,188,true],"medium_large":["https:\/\/solar2.standardof.net\/wp-content\/uploads\/sites\/2\/2020\/10\/Solar-2-Header-Background-1.jpeg",768,480,false],"large":["https:\/\/solar2.standardof.net\/wp-content\/uploads\/sites\/2\/2020\/10\/Solar-2-Header-Background-1-1024x640.jpeg",1024,640,true],"1536x1536":["https:\/\/solar2.standardof.net\/wp-content\/uploads\/sites\/2\/2020\/10\/Solar-2-Header-Background-1.jpeg",1536,960,false],"2048x2048":["https:\/\/solar2.standardof.net\/wp-content\/uploads\/sites\/2\/2020\/10\/Solar-2-Header-Background-1.jpeg",1680,1050,false],"trp-custom-language-flag":["https:\/\/solar2.standardof.net\/wp-content\/uploads\/sites\/2\/2020\/10\/Solar-2-Header-Background-1-16x10.jpeg",16,10,true]},"uagb_author_info":{"display_name":"SOE","author_link":"https:\/\/solar2.standardof.net\/pt\/author\/k-tastic\/"},"uagb_comment_info":0,"uagb_excerpt":"Challenge Mission 2: Zombie Geometry The second challenge mission available in the Asteroid Stage is Zombie Geometry, which involves you dodging obstacles again, much like in the previous challenge, however with it&#8217;s own special twists. Again, you will have to wait out a timer to reach the score you need. Easy Score: 30 secondsMedium Score:&hellip;","_links":{"self":[{"href":"https:\/\/solar2.standardof.net\/pt\/wp-json\/wp\/v2\/pages\/71"}],"collection":[{"href":"https:\/\/solar2.standardof.net\/pt\/wp-json\/wp\/v2\/pages"}],"about":[{"href":"https:\/\/solar2.standardof.net\/pt\/wp-json\/wp\/v2\/types\/page"}],"author":[{"embeddable":true,"href":"https:\/\/solar2.standardof.net\/pt\/wp-json\/wp\/v2\/users\/1"}],"replies":[{"embeddable":true,"href":"https:\/\/solar2.standardof.net\/pt\/wp-json\/wp\/v2\/comments?post=71"}],"version-history":[{"count":0,"href":"https:\/\/solar2.standardof.net\/pt\/wp-json\/wp\/v2\/pages\/71\/revisions"}],"up":[{"embeddable":true,"href":"https:\/\/solar2.standardof.net\/pt\/wp-json\/wp\/v2\/pages\/51"}],"wp:featuredmedia":[{"embeddable":true,"href":"https:\/\/solar2.standardof.net\/pt\/wp-json\/wp\/v2\/media\/12"}],"wp:attachment":[{"href":"https:\/\/solar2.standardof.net\/pt\/wp-json\/wp\/v2\/media?parent=71"}],"curies":[{"name":"wp","href":"https:\/\/api.w.org\/{rel}","templated":true}]}}