{"id":78,"date":"2020-10-13T23:58:31","date_gmt":"2020-10-13T23:58:31","guid":{"rendered":"https:\/\/solar2.standardof.net\/?page_id=78"},"modified":"2020-10-16T16:36:29","modified_gmt":"2020-10-16T16:36:29","slug":"planet-stage","status":"publish","type":"page","link":"https:\/\/solar2.standardof.net\/pt\/solar-2-guide\/estagio-do-planeta-2\/","title":{"rendered":"Est\u00e1gio do planeta (planetas pequenos e vivos)"},"content":{"rendered":"<h2 class=\"wp-block-heading\">Planet Stage Index<\/h2>\n\n\n\n<p>O est\u00e1gio Planeta no videogame Solar 2 consiste em dois subest\u00e1gios separados, mas um tanto semelhantes, sendo estes o Pequeno Planeta e o Planeta Vida. Em ambas as formas do est\u00e1gio Planeta, voc\u00ea ter\u00e1 um novo m\u00e9todo para consumir massa e fazer crescer seu objeto controlado, diferente do est\u00e1gio Aster\u00f3ide.<\/p>\n\n\n\n<ol><li><em><a href=\"https:\/\/solar2.standardof.net\/pt\/solar-2-guide\/estagio-do-planeta-2\/#gaining-mass\" class=\"rank-math-link\">Ganhando Massa como um Planeta <sup>(Abaixo)<\/sup><\/a><\/em><\/li><li><a class=\"rank-math-link\" href=\"https:\/\/solar2.standardof.net\/pt\/solar-2-guide\/estagio-do-planeta-2\/concerto-missao-1-im-atrasado-realizacao-2\/\">Miss\u00e3o de concerto 1<br><sup>+ \u201cEstou atrasado!\u201d Realiza\u00e7\u00e3o<\/sup><\/a><\/li><li><a class=\"rank-math-link\" href=\"https:\/\/solar2.standardof.net\/pt\/solar-2-guide\/estagio-do-planeta-2\/concerto-missao-2-planetario-solista-realizacao-2\/\">Miss\u00e3o de concerto 2<br><sup>+ Conquista de \u201cSolista Planet\u00e1rio\u201d<\/sup><\/a><\/li><li><a class=\"rank-math-link\" href=\"https:\/\/solar2.standardof.net\/pt\/solar-2-guide\/estagio-do-planeta-2\/experimento-missoes-o-por-que-voce-me-matou-conquista-2\/\">Experimentar miss\u00f5es 1-2<br><sup>+ \u201cPor que voc\u00ea me matou?\u201d Realiza\u00e7\u00e3o<\/sup><\/a><\/li><li><a class=\"rank-math-link\" href=\"https:\/\/solar2.standardof.net\/pt\/solar-2-guide\/estagio-do-planeta-2\/belas-artes-missoes-gentis-mas-firmes-conquistas-2\/\">Miss\u00f5es de Belas Artes 1-3<br><sup>+ Conquista \u201cGentil, mas Firme\u201d<\/sup><\/a><\/li><li><a class=\"rank-math-link\" href=\"https:\/\/solar2.standardof.net\/pt\/solar-2-guide\/estagio-do-planeta-2\/nomade-amor-missoes-o-asteroide-bercario-conquista-2\/\">Nomad Love Missions 1-3<br><sup>+ Conquista de \u201cAsteroid Nursery\u201d<\/sup><\/a><\/li><li><a class=\"rank-math-link\" href=\"https:\/\/solar2.standardof.net\/pt\/solar-2-guide\/estagio-do-planeta-2\/desafio-missao-1-atomo\/\">Miss\u00e3o de desafio 1: &#039;Atom&#039;<\/a><\/li><li><a class=\"rank-math-link\" href=\"https:\/\/solar2.standardof.net\/pt\/solar-2-guide\/estagio-do-planeta-2\/desafio-missao-2-concerto-encore-2\/\">Miss\u00e3o de desafio 2: &#039;Concert Encore&#039;<\/a><\/li><li><a class=\"rank-math-link\" href=\"https:\/\/solar2.standardof.net\/pt\/solar-2-guide\/estagio-do-planeta-2\/desafio-missao-3-planeta-sobrevivencia\/\">Miss\u00e3o de desafio 3: &#039;Sobreviv\u00eancia no planeta&#039;<\/a><br><\/li><\/ol>\n\n\n\n<p>Se voc\u00ea estiver procurando guias adicionais para este videogame, poder\u00e1 encontrar links abaixo para os \u00edndices de outros est\u00e1gios, que cont\u00eam mais informa\u00e7\u00f5es e links para guias espec\u00edficos para esses est\u00e1gios de exist\u00eancia.<\/p>\n\n\n\n<ul><li><strong><a href=\"https:\/\/solar2.standardof.net\/pt\/solar-2-guide\/estagio-de-asteroide-2\/\" class=\"rank-math-link\">\u00cdndice de Est\u00e1gio de Aster\u00f3ide<\/a><\/strong><\/li><li>\u00cdndice do Est\u00e1gio do Planeta Pequeno e Vivo &lt;- voc\u00ea est\u00e1 aqui<\/li><li><strong><a href=\"https:\/\/solar2.standardof.net\/pt\/solar-2-guide\/estrela-sistema-solar-estagio-2\/\" class=\"rank-math-link\">\u00cdndice do Guia do Est\u00e1gio Estelar<\/a><\/strong><\/li><li><strong><a href=\"https:\/\/solar2.standardof.net\/pt\/solar-2-guide\/estagio-de-buraco-negro-2\/\" class=\"rank-math-link\">\u00cdndice de est\u00e1gio de buraco negro<\/a><\/strong><\/li><\/ul>\n\n\n\n<hr class=\"wp-block-separator\"\/>\n\n\n\n<h2 class=\"wp-block-heading\" id=\"gaining-mass\">Ganhando Massa como um Planeta<\/h2>\n\n\n\n<p>Como planeta, suas op\u00e7\u00f5es para ganhar massa v\u00eam dos aster\u00f3ides, como antes, no entanto, agora voc\u00ea precisar\u00e1 consumir essa massa prendendo as rochas na \u00f3rbita do seu planeta. Usando as teclas de caminho (P) e \u00f3rbita (O), voc\u00ea ter\u00e1 linhas para usar como guias, o que pode ajudar a capturar grandes quantidades de aster\u00f3ides de maneira r\u00e1pida. Usar a tecla L ir\u00e1 absorver todos os aster\u00f3ides em \u00f3rbita ao seu redor, adicionando sua massa \u00e0 sua e consumindo-os, enquanto a tecla K ir\u00e1 consumir apenas um dos menores aster\u00f3ides da mesma maneira.<\/p>\n\n\n\n<div class=\"wp-block-image\"><figure class=\"aligncenter size-large\"><img decoding=\"async\" width=\"1024\" height=\"634\" src=\"https:\/\/solar2.standardof.net\/wp-content\/uploads\/sites\/2\/2020\/10\/Solar-2-Planet-Stage-Gaining-Mass-Diagram-2-1024x634.png\" alt=\"\" class=\"wp-image-80\" srcset=\"https:\/\/solar2.standardof.net\/wp-content\/uploads\/sites\/2\/2020\/10\/Solar-2-Planet-Stage-Gaining-Mass-Diagram-2-1024x634.png 1024w, https:\/\/solar2.standardof.net\/wp-content\/uploads\/sites\/2\/2020\/10\/Solar-2-Planet-Stage-Gaining-Mass-Diagram-2-16x10.png 16w, https:\/\/solar2.standardof.net\/wp-content\/uploads\/sites\/2\/2020\/10\/Solar-2-Planet-Stage-Gaining-Mass-Diagram-2.png 1829w\" sizes=\"(max-width: 1024px) 100vw, 1024px\" \/><figcaption>Figura 1 - Mostrando v\u00e1rios cen\u00e1rios de sucesso e falha quando se trata de capturar aster\u00f3ides.<\/figcaption><\/figure><\/div>\n\n\n\n<p>Para capturar um aster\u00f3ide em sua \u00f3rbita, voc\u00ea precisa combinar sua velocidade com a do aster\u00f3ide, de modo que ele esteja viajando a uma velocidade de 0 em rela\u00e7\u00e3o ao seu planeta. Em outras palavras, mesmo se o aster\u00f3ide estiver se movendo pela tela, voc\u00ea deve se mover com ele de forma que fique a uma dist\u00e2ncia definida de seu planeta e n\u00e3o se mova para longe ou em dire\u00e7\u00e3o ao seu planeta. Vejo <strong>figura 1<\/strong> \u00e0 direita para uma imagem que descreve isso. Colidir com aster\u00f3ides n\u00e3o ganhar\u00e1 mais massa, em vez disso, danificar\u00e1 escudos (se o seu planeta evoluiu para possu\u00ed-los) ou remover\u00e1 massa de um planeta sem escudo.<\/p>\n\n\n\n<div class=\"wp-block-image\"><figure class=\"aligncenter size-large\"><img decoding=\"async\" width=\"576\" height=\"493\" src=\"https:\/\/solar2.standardof.net\/wp-content\/uploads\/sites\/2\/2020\/10\/Solar-2-Planet-Stage-Gaining-Mass-Diagram-1-576x493.png\" alt=\"\" class=\"wp-image-79\" srcset=\"https:\/\/solar2.standardof.net\/wp-content\/uploads\/sites\/2\/2020\/10\/Solar-2-Planet-Stage-Gaining-Mass-Diagram-1.png 576w, https:\/\/solar2.standardof.net\/wp-content\/uploads\/sites\/2\/2020\/10\/Solar-2-Planet-Stage-Gaining-Mass-Diagram-1-300x257.png 300w, https:\/\/solar2.standardof.net\/wp-content\/uploads\/sites\/2\/2020\/10\/Solar-2-Planet-Stage-Gaining-Mass-Diagram-1-14x12.png 14w\" sizes=\"(max-width: 576px) 100vw, 576px\" \/><figcaption>Figura 2 - Mostrando as dist\u00e2ncias em que aster\u00f3ides podem ser capturados na \u00f3rbita de um planeta.<\/figcaption><\/figure><\/div>\n\n\n\n<p>Em seguida, quando se trata de prender aster\u00f3ides em sua \u00f3rbita, voc\u00ea descobrir\u00e1 que eles s\u00f3 podem ser capturados dentro dos primeiros 5 an\u00e9is de \u00f3rbita de seu planeta, conforme ilustrado em <strong>Figura 2<\/strong> para a direita. Voc\u00ea pode ter uma quantidade quase ilimitada de aster\u00f3ides em \u00f3rbita ao redor de seu planeta, com novos aster\u00f3ides empurrando os existentes para novas \u00f3rbitas, mas \u00e0 medida que voc\u00ea ganha mais, torna-se dif\u00edcil continuar adicionando \u00f3rbitas, pois voc\u00ea precisar\u00e1 passar novos aster\u00f3ides por todos \u00f3rbitas que existem depois de #5 para captur\u00e1-los nesta \u201czona verde\u201d. Fora desta \u00f3rbita #5 \u00e9 limitada a aster\u00f3ides j\u00e1 capturados que eventualmente s\u00e3o empurrados para fora deste alcance conforme mais s\u00e3o adicionados dentro da zona verde. Para obter dicas adicionais sobre a captura de grandes quantidades de aster\u00f3ides, consulte a se\u00e7\u00e3o de conquistas do Asteroid Nursery abaixo.<\/p>\n\n\n\n<h2 class=\"wp-block-heading\">Dicas para pequenos planetas<\/h2>\n\n\n\n<p>Como um pequeno planeta, voc\u00ea precisar\u00e1 atingir uma massa de 80 para atingir a pr\u00f3xima parte deste est\u00e1gio, o planeta da vida. Como a pequena variedade, voc\u00ea \u00e9 simplesmente uma rocha maior viajando pelo espa\u00e7o, por\u00e9m com massa adicional atr\u00e1s de voc\u00ea junto com um po\u00e7o gravitacional mais poderoso que pode puxar outros objetos em sua dire\u00e7\u00e3o.<\/p>\n\n\n\n<div class=\"wp-block-image\"><figure class=\"aligncenter size-large\"><img decoding=\"async\" width=\"1024\" height=\"576\" src=\"https:\/\/solar2.standardof.net\/wp-content\/uploads\/sites\/2\/2020\/10\/Solar-2-Planet-Stage-Gaining-Mass-1-1024x576.jpg\" alt=\"Solar 2: Est\u00e1gio do Planeta\" class=\"wp-image-81\" srcset=\"https:\/\/solar2.standardof.net\/wp-content\/uploads\/sites\/2\/2020\/10\/Solar-2-Planet-Stage-Gaining-Mass-1-1024x576.jpg 1024w, https:\/\/solar2.standardof.net\/wp-content\/uploads\/sites\/2\/2020\/10\/Solar-2-Planet-Stage-Gaining-Mass-1-300x169.jpg 300w, https:\/\/solar2.standardof.net\/wp-content\/uploads\/sites\/2\/2020\/10\/Solar-2-Planet-Stage-Gaining-Mass-1-16x9.jpg 16w, https:\/\/solar2.standardof.net\/wp-content\/uploads\/sites\/2\/2020\/10\/Solar-2-Planet-Stage-Gaining-Mass-1.jpg 1280w\" sizes=\"(max-width: 1024px) 100vw, 1024px\" \/><figcaption>Evolu\u00e7\u00e3o das formas de vida ap\u00f3s fazer a transi\u00e7\u00e3o do Planeta Pequeno para o Planeta da Vida no Solar 2.<\/figcaption><\/figure><\/div>\n\n\n\n<p>Durante esta parte do est\u00e1gio do Planeta, voc\u00ea est\u00e1 extremamente vulner\u00e1vel. As colis\u00f5es com outros objetos, com a \u00fanica exce\u00e7\u00e3o sendo as naves espaciais (a menos que voc\u00ea acerte seus lasers ou m\u00edsseis), ir\u00e3o despojar sua massa, com objetos maiores e mais r\u00e1pidos tirando mais do seu planeta. Al\u00e9m disso, as armas disparadas de naves espaciais far\u00e3o o mesmo. Neste ponto, evitar \u00e9 a sua melhor op\u00e7\u00e3o de sobreviv\u00eancia at\u00e9 atingir o planeta da vida na metade deste est\u00e1gio.<\/p>\n\n\n\n<h2 class=\"wp-block-heading\">Dicas para o planeta da vida<\/h2>\n\n\n\n<p>Depois de atingir metade deste est\u00e1gio no Planeta da Vida, voc\u00ea come\u00e7ar\u00e1 imediatamente a evoluir a vida na superf\u00edcie do seu planeta. Isso \u00e9 representado com um \u00edcone semelhante a um ventilador girando exibido sobre o seu planeta. Quando a barra come\u00e7ar a crescer, levar\u00e1 pouco mais de 20 segundos para terminar de evoluir, ap\u00f3s o que voc\u00ea ter\u00e1 2 torres constru\u00eddas em seu planeta, um escudo que recarrega continuamente e defende seu planeta de perigos e um fluxo constante de naves espaciais sendo constru\u00eddas e lan\u00e7adas para defend\u00ea-lo e atacar navios inimigos ou objetos perigosos.<\/p>\n\n\n\n<div class=\"wp-block-image\"><figure class=\"aligncenter size-large\"><img decoding=\"async\" width=\"1024\" height=\"576\" src=\"https:\/\/solar2.standardof.net\/wp-content\/uploads\/sites\/2\/2020\/10\/Solar-2-Planet-Stage-Gaining-Mass-2-1024x576.jpg\" alt=\"\" class=\"wp-image-82\" srcset=\"https:\/\/solar2.standardof.net\/wp-content\/uploads\/sites\/2\/2020\/10\/Solar-2-Planet-Stage-Gaining-Mass-2-1024x576.jpg 1024w, https:\/\/solar2.standardof.net\/wp-content\/uploads\/sites\/2\/2020\/10\/Solar-2-Planet-Stage-Gaining-Mass-2-300x169.jpg 300w, https:\/\/solar2.standardof.net\/wp-content\/uploads\/sites\/2\/2020\/10\/Solar-2-Planet-Stage-Gaining-Mass-2-16x9.jpg 16w, https:\/\/solar2.standardof.net\/wp-content\/uploads\/sites\/2\/2020\/10\/Solar-2-Planet-Stage-Gaining-Mass-2.jpg 1280w\" sizes=\"(max-width: 1024px) 100vw, 1024px\" \/><figcaption>Lutando contra as formas de vida de um sistema solar inimigo com um planeta totalmente evolu\u00eddo e experiente em Solar 2.<\/figcaption><\/figure><\/div>\n\n\n\n<p>O n\u00edvel de experi\u00eancia de suas formas de vida decide o n\u00famero e a pot\u00eancia das naves lan\u00e7adas em seu planeta e os benef\u00edcios que as formas de vida fornecem. Com 0 Kills voc\u00ea tem as duas torres e lan\u00e7ar\u00e1 principalmente Fighters e ocasionalmente Missile Boats, at\u00e9 2 ativos por vez. Com 6 mortes voc\u00ea ganha sua terceira torre e 18 mortes limitam sua experi\u00eancia com 4 torres. Conforme voc\u00ea ganha experi\u00eancia, seu escudo se torna mais resistente, voc\u00ea ser\u00e1 capaz de enviar mais naves ativas at\u00e9 6 de uma vez e ir\u00e1 gerar barcos com m\u00edsseis e cruzadores com mais frequ\u00eancia.<\/p>\n\n\n\n<p>Se seu escudo cair e seu planeta sofrer ainda mais danos, h\u00e1 uma grande chance de extinguir a vida em seu planeta. Se isso acontecer, voc\u00ea precisar\u00e1 evoluir novamente a vida ap\u00f3s um pequeno atraso sem receber nenhum dano e, uma vez evolu\u00edda, a experi\u00eancia das formas de vida ser\u00e1 redefinida para 0 mortes. Se voc\u00ea perder muita massa, pode voltar a ser um Pequeno Planeta, for\u00e7ando-o a ganhar massa para fazer crescer a vida mais uma vez.<\/p>\n\n\n\n<p>Voc\u00ea precisar\u00e1 ganhar 180 de massa total para alcan\u00e7ar o pr\u00f3ximo est\u00e1gio de Small Star. Ap\u00f3s fazer essa transi\u00e7\u00e3o, sua massa saltar\u00e1 para 1.200 conforme voc\u00ea se torna uma estrela. Neste ponto, voc\u00ea perder\u00e1 o controle de suas formas de vida e precisar\u00e1 capturar planetas e aumentar a vida deles para recuperar seus benef\u00edcios. Isso ser\u00e1 abordado posteriormente no passo a passo Star para Solar 2.<\/p>\n\n\n\n<hr class=\"wp-block-separator\"\/>\n\n\n\n<h3 class=\"has-text-align-center wp-block-heading\">Guia em v\u00eddeo da progress\u00e3o do planeta pequeno e vivo<\/h3>\n\n\n\n<figure class=\"wp-block-embed-youtube wp-block-embed is-type-video is-provider-youtube wp-embed-aspect-16-9 wp-has-aspect-ratio\"><div class=\"wp-block-embed__wrapper\">\n<div class=\"ast-oembed-container\" style=\"height: 100%;\"><iframe title=\"Solar 2 - Passo a passo sobre a progress\u00e3o do planeta pequeno e do planeta da vida\" width=\"500\" height=\"281\" src=\"https:\/\/www.youtube.com\/embed\/r04dLC2yx_M?feature=oembed\" frameborder=\"0\" allow=\"accelerometer; autoplay; clipboard-write; encrypted-media; gyroscope; picture-in-picture; web-share\" referrerpolicy=\"strict-origin-when-cross-origin\" allowfullscreen><\/iframe><\/div>\n<\/div><\/figure>","protected":false},"excerpt":{"rendered":"<p>Planet Stage Index The Planet stage in the video game Solar 2 consists of two separate but somewhat similar sub-stages, those being the Small Planet and Life Planet. Throughout both forms of the Planet stage you will have a new method to consume mass and grow your controlled object, differing from the Asteroid stage. Gaining [&hellip;]<\/p>","protected":false},"author":1,"featured_media":12,"parent":11,"menu_order":0,"comment_status":"open","ping_status":"closed","template":"","meta":{"_uag_custom_page_level_css":"","site-sidebar-layout":"default","site-content-layout":"default","ast-site-content-layout":"","site-content-style":"default","site-sidebar-style":"default","ast-global-header-display":"","ast-banner-title-visibility":"","ast-main-header-display":"","ast-hfb-above-header-display":"","ast-hfb-below-header-display":"","ast-hfb-mobile-header-display":"","site-post-title":"","ast-breadcrumbs-content":"","ast-featured-img":"","footer-sml-layout":"","theme-transparent-header-meta":"default","adv-header-id-meta":"","stick-header-meta":"","header-above-stick-meta":"","header-main-stick-meta":"","header-below-stick-meta":"","astra-migrate-meta-layouts":"default","ast-page-background-enabled":"default","ast-page-background-meta":{"desktop":{"background-color":"","background-image":"","background-repeat":"repeat","background-position":"center center","background-size":"auto","background-attachment":"scroll","background-type":"","background-media":"","overlay-type":"","overlay-color":"","overlay-gradient":""},"tablet":{"background-color":"","background-image":"","background-repeat":"repeat","background-position":"center center","background-size":"auto","background-attachment":"scroll","background-type":"","background-media":"","overlay-type":"","overlay-color":"","overlay-gradient":""},"mobile":{"background-color":"","background-image":"","background-repeat":"repeat","background-position":"center center","background-size":"auto","background-attachment":"scroll","background-type":"","background-media":"","overlay-type":"","overlay-color":"","overlay-gradient":""}},"ast-content-background-meta":{"desktop":{"background-color":"var(--ast-global-color-5)","background-image":"","background-repeat":"repeat","background-position":"center center","background-size":"auto","background-attachment":"scroll","background-type":"","background-media":"","overlay-type":"","overlay-color":"","overlay-gradient":""},"tablet":{"background-color":"var(--ast-global-color-5)","background-image":"","background-repeat":"repeat","background-position":"center center","background-size":"auto","background-attachment":"scroll","background-type":"","background-media":"","overlay-type":"","overlay-color":"","overlay-gradient":""},"mobile":{"background-color":"var(--ast-global-color-5)","background-image":"","background-repeat":"repeat","background-position":"center center","background-size":"auto","background-attachment":"scroll","background-type":"","background-media":"","overlay-type":"","overlay-color":"","overlay-gradient":""}},"footnotes":""},"uagb_featured_image_src":{"full":["https:\/\/solar2.standardof.net\/wp-content\/uploads\/sites\/2\/2020\/10\/Solar-2-Header-Background-1.jpeg",1680,1050,false],"thumbnail":["https:\/\/solar2.standardof.net\/wp-content\/uploads\/sites\/2\/2020\/10\/Solar-2-Header-Background-1-150x150.jpeg",150,150,true],"medium":["https:\/\/solar2.standardof.net\/wp-content\/uploads\/sites\/2\/2020\/10\/Solar-2-Header-Background-1-300x188.jpeg",300,188,true],"medium_large":["https:\/\/solar2.standardof.net\/wp-content\/uploads\/sites\/2\/2020\/10\/Solar-2-Header-Background-1.jpeg",768,480,false],"large":["https:\/\/solar2.standardof.net\/wp-content\/uploads\/sites\/2\/2020\/10\/Solar-2-Header-Background-1-1024x640.jpeg",1024,640,true],"1536x1536":["https:\/\/solar2.standardof.net\/wp-content\/uploads\/sites\/2\/2020\/10\/Solar-2-Header-Background-1.jpeg",1536,960,false],"2048x2048":["https:\/\/solar2.standardof.net\/wp-content\/uploads\/sites\/2\/2020\/10\/Solar-2-Header-Background-1.jpeg",1680,1050,false],"trp-custom-language-flag":["https:\/\/solar2.standardof.net\/wp-content\/uploads\/sites\/2\/2020\/10\/Solar-2-Header-Background-1-16x10.jpeg",16,10,true]},"uagb_author_info":{"display_name":"SOE","author_link":"https:\/\/solar2.standardof.net\/pt\/author\/k-tastic\/"},"uagb_comment_info":2,"uagb_excerpt":"Planet Stage Index The Planet stage in the video game Solar 2 consists of two separate but somewhat similar sub-stages, those being the Small Planet and Life Planet. Throughout both forms of the Planet stage you will have a new method to consume mass and grow your controlled object, differing from the Asteroid stage. Gaining&hellip;","_links":{"self":[{"href":"https:\/\/solar2.standardof.net\/pt\/wp-json\/wp\/v2\/pages\/78"}],"collection":[{"href":"https:\/\/solar2.standardof.net\/pt\/wp-json\/wp\/v2\/pages"}],"about":[{"href":"https:\/\/solar2.standardof.net\/pt\/wp-json\/wp\/v2\/types\/page"}],"author":[{"embeddable":true,"href":"https:\/\/solar2.standardof.net\/pt\/wp-json\/wp\/v2\/users\/1"}],"replies":[{"embeddable":true,"href":"https:\/\/solar2.standardof.net\/pt\/wp-json\/wp\/v2\/comments?post=78"}],"version-history":[{"count":0,"href":"https:\/\/solar2.standardof.net\/pt\/wp-json\/wp\/v2\/pages\/78\/revisions"}],"up":[{"embeddable":true,"href":"https:\/\/solar2.standardof.net\/pt\/wp-json\/wp\/v2\/pages\/11"}],"wp:featuredmedia":[{"embeddable":true,"href":"https:\/\/solar2.standardof.net\/pt\/wp-json\/wp\/v2\/media\/12"}],"wp:attachment":[{"href":"https:\/\/solar2.standardof.net\/pt\/wp-json\/wp\/v2\/media?parent=78"}],"curies":[{"name":"wp","href":"https:\/\/api.w.org\/{rel}","templated":true}]}}