{"id":84,"date":"2020-10-14T00:05:09","date_gmt":"2020-10-14T00:05:09","guid":{"rendered":"https:\/\/solar2.standardof.net\/?page_id=84"},"modified":"2020-10-14T12:53:15","modified_gmt":"2020-10-14T12:53:15","slug":"concert-mission-1-im-late-achievement","status":"publish","type":"page","link":"https:\/\/solar2.standardof.net\/pt\/solar-2-guide\/estagio-do-planeta-2\/concerto-missao-1-im-atrasado-realizacao-2\/","title":{"rendered":"Miss\u00e3o 1 do concerto e The I&#039;m Late Achievement"},"content":{"rendered":"<h2 class=\"wp-block-heading\">Miss\u00e3o de concerto 1<\/h2>\n\n\n\n<p>Na primeira miss\u00e3o dos n\u00edveis de Concerto do Solar 2, voc\u00ea \u00e9 encarregado pela Entidade de transportar alguns delicados equipamentos eletr\u00f4nicos em prepara\u00e7\u00e3o para o maior show de rock que o universo j\u00e1 viu. Esta miss\u00e3o \u00e9 simples em termos de ordens, viajando do farol de in\u00edcio da miss\u00e3o para um segundo farol de localiza\u00e7\u00e3o marcado em seu mapa ao iniciar o n\u00edvel. Se destru\u00eddo nesta miss\u00e3o, voc\u00ea falhar\u00e1 de n\u00edvel.<\/p>\n\n\n\n<p>Voc\u00ea desejar\u00e1 ser um planeta de vida para este n\u00edvel, de modo que ter\u00e1 escudos para proteger seu planeta de quaisquer colis\u00f5es. Usar a tecla de caminho (P) ajudar\u00e1 voc\u00ea a saber se os perigos pr\u00f3ximos podem estar em rota de colis\u00e3o com o seu planeta, permitindo que voc\u00ea avise quando precisar mudar sua dire\u00e7\u00e3o. Se estiver executando esta miss\u00e3o normalmente, voc\u00ea pode demorar para chegar ao farol, ent\u00e3o use a paci\u00eancia a menos que complete o estou atrasado! realiza\u00e7\u00e3o coberta abaixo.<\/p>\n\n\n\n<figure class=\"wp-block-image size-large\"><img decoding=\"async\" width=\"1024\" height=\"576\" src=\"https:\/\/solar2.standardof.net\/wp-content\/uploads\/sites\/2\/2020\/10\/Solar-2-Planet-Stage-Concert-Mission-1024x576.jpg\" alt=\"\" class=\"wp-image-85\" srcset=\"https:\/\/solar2.standardof.net\/wp-content\/uploads\/sites\/2\/2020\/10\/Solar-2-Planet-Stage-Concert-Mission-1024x576.jpg 1024w, https:\/\/solar2.standardof.net\/wp-content\/uploads\/sites\/2\/2020\/10\/Solar-2-Planet-Stage-Concert-Mission-300x169.jpg 300w, https:\/\/solar2.standardof.net\/wp-content\/uploads\/sites\/2\/2020\/10\/Solar-2-Planet-Stage-Concert-Mission-16x9.jpg 16w, https:\/\/solar2.standardof.net\/wp-content\/uploads\/sites\/2\/2020\/10\/Solar-2-Planet-Stage-Concert-Mission.jpg 1280w\" sizes=\"(max-width: 1024px) 100vw, 1024px\" \/><figcaption>Atravessando o concerto n\u00edvel 1 com um enorme escudo de aster\u00f3ides.<\/figcaption><\/figure>\n\n\n\n<h2 class=\"wp-block-heading\">&quot;Estou atrasado!&quot; Realiza\u00e7\u00e3o<\/h2>\n\n\n\n<p>A fim de obter o I&#039;m Late! conquista no Solar 2, voc\u00ea ter\u00e1 que alcan\u00e7ar o farol de conclus\u00e3o da miss\u00e3o em um minuto. Para ajud\u00e1-lo a avaliar o seu tempo, h\u00e1 um cron\u00f4metro que \u00e9 exibido assim que voc\u00ea termina o n\u00edvel, que combinado com a porcentagem da dist\u00e2ncia percorrida, voc\u00ea pode avaliar o qu\u00e3o bem voc\u00ea est\u00e1 indo e se n\u00e3o conseguir chegar Estou atrasado! dar uma ideia do quanto voc\u00ea precisa melhorar. Usar um cron\u00f4metro, apenas contar em sua cabe\u00e7a ou algum outro tipo de cron\u00f4metro tamb\u00e9m pode ser \u00fatil.<\/p>\n\n\n\n<p>Como o universo \u00e9 gerado perpetuamente de forma aleat\u00f3ria, repetir esta miss\u00e3o apresentar\u00e1 a voc\u00ea uma nova pista de obst\u00e1culos a cada vez, portanto, \u00e9 poss\u00edvel repetir o n\u00edvel algumas vezes at\u00e9 que voc\u00ea obtenha um caminho que esteja quase limpo.<\/p>\n\n\n\n<p>Combinado com os escudos concedidos por um Planeta da Vida totalmente experiente e evolu\u00eddo, descobri que \u00e9 \u00fatil viajar com um escudo de aster\u00f3ide pesado usando os m\u00e9todos descritos para desbloquear a conquista do Aster\u00f3ide Ber\u00e7\u00e1rio. Ter uma grande quantidade de aster\u00f3ides em \u00f3rbita pode ajudar, n\u00e3o apenas dando a voc\u00ea um campo de vis\u00e3o muito amplo, permitindo que voc\u00ea veja os obst\u00e1culos que v\u00eam de grandes dist\u00e2ncias, mas tamb\u00e9m ajudar\u00e1 fornecendo um escudo secund\u00e1rio para parar proj\u00e9teis, espa\u00e7onaves hostis ou potencialmente desviar outros aster\u00f3ides ou planetas que podem colidir com voc\u00ea. Essa estrat\u00e9gia \u00e9 \u00fatil para muitas miss\u00f5es e conquistas diferentes nos est\u00e1gios do planeta, al\u00e9m de apenas Estou Atrasado! realiza\u00e7\u00e3o. Como voc\u00ea pode esperar, h\u00e1 muito pouco que voc\u00ea possa fazer para se proteger de uma colis\u00e3o com uma estrela, al\u00e9m de sair do caminho.<\/p>\n\n\n\n<figure class=\"wp-block-image size-large\"><img decoding=\"async\" width=\"1024\" height=\"576\" src=\"https:\/\/solar2.standardof.net\/wp-content\/uploads\/sites\/2\/2020\/10\/Solar-2-Planet-Stage-Concert-Mission-Im-Late-1024x576.jpg\" alt=\"\" class=\"wp-image-86\" srcset=\"https:\/\/solar2.standardof.net\/wp-content\/uploads\/sites\/2\/2020\/10\/Solar-2-Planet-Stage-Concert-Mission-Im-Late-1024x576.jpg 1024w, https:\/\/solar2.standardof.net\/wp-content\/uploads\/sites\/2\/2020\/10\/Solar-2-Planet-Stage-Concert-Mission-Im-Late-300x169.jpg 300w, https:\/\/solar2.standardof.net\/wp-content\/uploads\/sites\/2\/2020\/10\/Solar-2-Planet-Stage-Concert-Mission-Im-Late-16x9.jpg 16w, https:\/\/solar2.standardof.net\/wp-content\/uploads\/sites\/2\/2020\/10\/Solar-2-Planet-Stage-Concert-Mission-Im-Late.jpg 1280w\" sizes=\"(max-width: 1024px) 100vw, 1024px\" \/><figcaption>Desbloquear o I&#039;m Late! conquista na vers\u00e3o Steam do Solar 2.<\/figcaption><\/figure>\n\n\n\n<hr class=\"wp-block-separator\"\/>\n\n\n\n<h3 class=\"has-text-align-center wp-block-heading\">Miss\u00e3o de concerto 1 + \u201cEstou atrasado!\u201d Guia em v\u00eddeo de conquistas<\/h3>\n\n\n\n<figure class=\"wp-block-embed-youtube wp-block-embed is-type-video is-provider-youtube wp-embed-aspect-16-9 wp-has-aspect-ratio\"><div class=\"wp-block-embed__wrapper\">\n<div class=\"ast-oembed-container\" style=\"height: 100%;\"><iframe title=\"Solar 2 - I &amp; #039; m Passo a passo para a realiza\u00e7\u00e3o tardia\" width=\"500\" height=\"281\" src=\"https:\/\/www.youtube.com\/embed\/_-8Tva44kSQ?feature=oembed\" frameborder=\"0\" allow=\"accelerometer; autoplay; clipboard-write; encrypted-media; gyroscope; picture-in-picture; web-share\" referrerpolicy=\"strict-origin-when-cross-origin\" allowfullscreen><\/iframe><\/div>\n<\/div><\/figure>","protected":false},"excerpt":{"rendered":"<p>Concert Mission 1 In the first mission of the Concert levels of Solar 2 you are tasked by the Entity with transporting some delicate electronic equipment in preparation for the greatest rock show the universe has ever seen. This mission is simple in terms of orders, traveling from the mission start beacon to a second [&hellip;]<\/p>","protected":false},"author":1,"featured_media":12,"parent":78,"menu_order":0,"comment_status":"open","ping_status":"closed","template":"","meta":{"_uag_custom_page_level_css":"","site-sidebar-layout":"default","site-content-layout":"default","ast-site-content-layout":"","site-content-style":"default","site-sidebar-style":"default","ast-global-header-display":"","ast-banner-title-visibility":"","ast-main-header-display":"","ast-hfb-above-header-display":"","ast-hfb-below-header-display":"","ast-hfb-mobile-header-display":"","site-post-title":"","ast-breadcrumbs-content":"","ast-featured-img":"","footer-sml-layout":"","theme-transparent-header-meta":"default","adv-header-id-meta":"","stick-header-meta":"","header-above-stick-meta":"","header-main-stick-meta":"","header-below-stick-meta":"","astra-migrate-meta-layouts":"default","ast-page-background-enabled":"default","ast-page-background-meta":{"desktop":{"background-color":"","background-image":"","background-repeat":"repeat","background-position":"center center","background-size":"auto","background-attachment":"scroll","background-type":"","background-media":"","overlay-type":"","overlay-color":"","overlay-gradient":""},"tablet":{"background-color":"","background-image":"","background-repeat":"repeat","background-position":"center center","background-size":"auto","background-attachment":"scroll","background-type":"","background-media":"","overlay-type":"","overlay-color":"","overlay-gradient":""},"mobile":{"background-color":"","background-image":"","background-repeat":"repeat","background-position":"center center","background-size":"auto","background-attachment":"scroll","background-type":"","background-media":"","overlay-type":"","overlay-color":"","overlay-gradient":""}},"ast-content-background-meta":{"desktop":{"background-color":"var(--ast-global-color-5)","background-image":"","background-repeat":"repeat","background-position":"center center","background-size":"auto","background-attachment":"scroll","background-type":"","background-media":"","overlay-type":"","overlay-color":"","overlay-gradient":""},"tablet":{"background-color":"var(--ast-global-color-5)","background-image":"","background-repeat":"repeat","background-position":"center center","background-size":"auto","background-attachment":"scroll","background-type":"","background-media":"","overlay-type":"","overlay-color":"","overlay-gradient":""},"mobile":{"background-color":"var(--ast-global-color-5)","background-image":"","background-repeat":"repeat","background-position":"center center","background-size":"auto","background-attachment":"scroll","background-type":"","background-media":"","overlay-type":"","overlay-color":"","overlay-gradient":""}},"footnotes":""},"uagb_featured_image_src":{"full":["https:\/\/solar2.standardof.net\/wp-content\/uploads\/sites\/2\/2020\/10\/Solar-2-Header-Background-1.jpeg",1680,1050,false],"thumbnail":["https:\/\/solar2.standardof.net\/wp-content\/uploads\/sites\/2\/2020\/10\/Solar-2-Header-Background-1-150x150.jpeg",150,150,true],"medium":["https:\/\/solar2.standardof.net\/wp-content\/uploads\/sites\/2\/2020\/10\/Solar-2-Header-Background-1-300x188.jpeg",300,188,true],"medium_large":["https:\/\/solar2.standardof.net\/wp-content\/uploads\/sites\/2\/2020\/10\/Solar-2-Header-Background-1.jpeg",768,480,false],"large":["https:\/\/solar2.standardof.net\/wp-content\/uploads\/sites\/2\/2020\/10\/Solar-2-Header-Background-1-1024x640.jpeg",1024,640,true],"1536x1536":["https:\/\/solar2.standardof.net\/wp-content\/uploads\/sites\/2\/2020\/10\/Solar-2-Header-Background-1.jpeg",1536,960,false],"2048x2048":["https:\/\/solar2.standardof.net\/wp-content\/uploads\/sites\/2\/2020\/10\/Solar-2-Header-Background-1.jpeg",1680,1050,false],"trp-custom-language-flag":["https:\/\/solar2.standardof.net\/wp-content\/uploads\/sites\/2\/2020\/10\/Solar-2-Header-Background-1-16x10.jpeg",16,10,true]},"uagb_author_info":{"display_name":"SOE","author_link":"https:\/\/solar2.standardof.net\/pt\/author\/k-tastic\/"},"uagb_comment_info":0,"uagb_excerpt":"Concert Mission 1 In the first mission of the Concert levels of Solar 2 you are tasked by the Entity with transporting some delicate electronic equipment in preparation for the greatest rock show the universe has ever seen. This mission is simple in terms of orders, traveling from the mission start beacon to a second&hellip;","_links":{"self":[{"href":"https:\/\/solar2.standardof.net\/pt\/wp-json\/wp\/v2\/pages\/84"}],"collection":[{"href":"https:\/\/solar2.standardof.net\/pt\/wp-json\/wp\/v2\/pages"}],"about":[{"href":"https:\/\/solar2.standardof.net\/pt\/wp-json\/wp\/v2\/types\/page"}],"author":[{"embeddable":true,"href":"https:\/\/solar2.standardof.net\/pt\/wp-json\/wp\/v2\/users\/1"}],"replies":[{"embeddable":true,"href":"https:\/\/solar2.standardof.net\/pt\/wp-json\/wp\/v2\/comments?post=84"}],"version-history":[{"count":0,"href":"https:\/\/solar2.standardof.net\/pt\/wp-json\/wp\/v2\/pages\/84\/revisions"}],"up":[{"embeddable":true,"href":"https:\/\/solar2.standardof.net\/pt\/wp-json\/wp\/v2\/pages\/78"}],"wp:featuredmedia":[{"embeddable":true,"href":"https:\/\/solar2.standardof.net\/pt\/wp-json\/wp\/v2\/media\/12"}],"wp:attachment":[{"href":"https:\/\/solar2.standardof.net\/pt\/wp-json\/wp\/v2\/media?parent=84"}],"curies":[{"name":"wp","href":"https:\/\/api.w.org\/{rel}","templated":true}]}}