{"id":94,"date":"2020-10-14T00:19:06","date_gmt":"2020-10-14T00:19:06","guid":{"rendered":"https:\/\/solar2.standardof.net\/?page_id=94"},"modified":"2020-10-15T14:35:17","modified_gmt":"2020-10-15T14:35:17","slug":"experiment-missions-the-why-did-you-kill-me-achievement","status":"publish","type":"page","link":"https:\/\/solar2.standardof.net\/pt\/solar-2-guide\/estagio-do-planeta-2\/experimento-missoes-o-por-que-voce-me-matou-conquista-2\/","title":{"rendered":"Experiment Missions &amp; The &#039;Why Did You Kill Me?&#039; Realiza\u00e7\u00e3o"},"content":{"rendered":"<h2 class=\"wp-block-heading\">Experimentar miss\u00f5es<\/h2>\n\n\n\n<p>A cadeia de n\u00edveis de Experimento no Solar 2 come\u00e7a a incorporar alguns truques psicol\u00f3gicos em suas tarefas apresentadas pela Entidade. O segundo n\u00edvel tem 2 m\u00e9todos de conclus\u00e3o, o mais complicado dos quais desbloqueia o Por que voc\u00ea me matou? realiza\u00e7\u00e3o e ser\u00e1 abordado em uma se\u00e7\u00e3o separada abaixo.<\/p>\n\n\n\n<h3 class=\"wp-block-heading\">Dicas para os n\u00edveis de experi\u00eancia<\/h3>\n\n\n\n<p>Ambas as miss\u00f5es s\u00e3o mais bem executadas como um Planeta da Vida totalmente evolu\u00eddo, uma vez que todos os benef\u00edcios que elas fornecem ser\u00e3o \u00fateis para exterminar os planetas apresentados como alvos. Voc\u00ea ter\u00e1 que realizar ambas as miss\u00f5es sem morrer, pois isso em qualquer uma delas falhar\u00e1 no n\u00edvel.<\/p>\n\n\n\n<hr class=\"wp-block-separator\"\/>\n\n\n\n<h2 class=\"wp-block-heading\">Experimento 1<\/h2>\n\n\n\n<p>No n\u00edvel um, voc\u00ea est\u00e1 encarregado de eliminar um \u00fanico planeta da vida hostil que \u00e9 habitado por gamb\u00e1s e provavelmente estar\u00e1 totalmente evolu\u00eddo. Possivelmente, a maneira mais r\u00e1pida de elimin\u00e1-lo \u00e9 esmagando seu pr\u00f3prio planeta nele para soltar seus escudos e, provavelmente, o seu pr\u00f3prio. Isso pode ser usado para impelir o planeta inimigo agora sem blindagem em perigos pr\u00f3ximos, a fim de exterminar sua vida.<\/p>\n\n\n\n<p>Uma alternativa \u00e9 empurrar repetidamente seu planeta contra o alvo, j\u00e1 que voc\u00ea n\u00e3o precisa manter a vida sozinho para completar esta miss\u00e3o ou, opcionalmente, permitir que seus escudos sejam reabastecidos antes do pr\u00f3ximo ataque, se estiver tentando preservar sua vida. Atac\u00e1-lo com torres e naves \u00e9 um processo lento que tamb\u00e9m funciona, mas pode ser acelerado arando fisicamente as naves inimigas com seu planeta. Finalmente, uma \u00faltima op\u00e7\u00e3o eficaz \u00e9 destruir ou esmagar os escudos do planeta skunk e ent\u00e3o prosseguir com um ataque de aster\u00f3ide em \u00f3rbita.<\/p>\n\n\n\n<div class=\"wp-block-image\"><figure class=\"aligncenter size-large\"><img decoding=\"async\" width=\"1024\" height=\"576\" src=\"https:\/\/solar2.standardof.net\/wp-content\/uploads\/sites\/2\/2020\/10\/Solar-2-Planet-Stage-Experiment-Mission-1-1024x576.jpg\" alt=\"\" class=\"wp-image-96\" srcset=\"https:\/\/solar2.standardof.net\/wp-content\/uploads\/sites\/2\/2020\/10\/Solar-2-Planet-Stage-Experiment-Mission-1-1024x576.jpg 1024w, https:\/\/solar2.standardof.net\/wp-content\/uploads\/sites\/2\/2020\/10\/Solar-2-Planet-Stage-Experiment-Mission-1-300x169.jpg 300w, https:\/\/solar2.standardof.net\/wp-content\/uploads\/sites\/2\/2020\/10\/Solar-2-Planet-Stage-Experiment-Mission-1-16x9.jpg 16w, https:\/\/solar2.standardof.net\/wp-content\/uploads\/sites\/2\/2020\/10\/Solar-2-Planet-Stage-Experiment-Mission-1.jpg 1280w\" sizes=\"(max-width: 1024px) 100vw, 1024px\" \/><figcaption>Terminando o planeta skunk no experimento 1 n\u00edvel.<\/figcaption><\/figure><\/div>\n\n\n\n<hr class=\"wp-block-separator\"\/>\n\n\n\n<h2 class=\"wp-block-heading\">Experimento 2<\/h2>\n\n\n\n<p>Esta miss\u00e3o pode ser conclu\u00edda de duas maneiras diferentes. O m\u00e9todo mais dif\u00edcil que desbloqueia Por que voc\u00ea me matou? \u00e9 coberto separadamente, no entanto, a op\u00e7\u00e3o mais f\u00e1cil \u00e9 bastante simples. Tudo que voc\u00ea precisa fazer para completar a tarefa apresentada antes de voc\u00ea \u00e9 fugir na dire\u00e7\u00e3o oposta do trio de planetas alvo. Eventualmente voc\u00ea ser\u00e1 parabenizado por salvar os planetas que acabam sendo habitados por gatinhos em vez de gamb\u00e1s.<\/p>\n\n\n\n<hr class=\"wp-block-separator\"\/>\n\n\n\n<h3 class=\"has-text-align-center wp-block-heading\">Guia em v\u00eddeo de miss\u00f5es experimentais<\/h3>\n\n\n\n<figure class=\"wp-block-embed-youtube wp-block-embed is-type-video is-provider-youtube wp-embed-aspect-16-9 wp-has-aspect-ratio\"><div class=\"wp-block-embed__wrapper\">\n<div class=\"ast-oembed-container\" style=\"height: 100%;\"><iframe title=\"Solar 2 Planet Missions - N\u00edveis de experimento - Guia passo a passo\" width=\"500\" height=\"281\" src=\"https:\/\/www.youtube.com\/embed\/QjXbrH3N_48?feature=oembed\" frameborder=\"0\" allow=\"accelerometer; autoplay; clipboard-write; encrypted-media; gyroscope; picture-in-picture; web-share\" referrerpolicy=\"strict-origin-when-cross-origin\" allowfullscreen><\/iframe><\/div>\n<\/div><\/figure>\n\n\n\n<hr class=\"wp-block-separator\"\/>\n\n\n\n<h2 class=\"wp-block-heading\">&#039;Porque me matou?&#039; Realiza\u00e7\u00e3o<\/h2>\n\n\n\n<p>A conquista secreta Por que voc\u00ea me matou? requer um m\u00e9todo alternativo para completar o Experimento n\u00edvel 2. Em vez de fugir dos tr\u00eas planetas cheios de gatinhos apresentados a voc\u00ea nesta miss\u00e3o, voc\u00ea precisar\u00e1 destru\u00ed-los. Voc\u00ea n\u00e3o precisa destruir a estrela em que orbitam.<\/p>\n\n\n\n<p>Desempenhando esta miss\u00e3o como um Planeta da Vida com o m\u00e1ximo de massa poss\u00edvel sem saltar para uma Pequena Estrela, o m\u00e9todo mais r\u00e1pido neste n\u00edvel para desbloquear a conquista \u00e9 esmagar seu planeta nos planetas-alvo, um de cada vez. Isso \u00e9 muito parecido com antes, no entanto, mirar seus ataques de forma que os planetas colidam com sua pr\u00f3pria estrela e fazer seus ataques com for\u00e7a suficiente para derrubar os escudos do referido planeta com seu primeiro ataque para que a colis\u00e3o com a estrela possa causar danos reais.<\/p>\n\n\n\n<p>Isso \u00e9 complicado pelo status evolu\u00eddo do Planeta Vida do sistema de gatinhos, que apresenta uma grande quantidade de espa\u00e7onaves que podem destruir seu planeta rapidamente. Para combater isso, tente circular o sistema para que sua espa\u00e7onave distraia os hostis para longe de qualquer planeta que voc\u00ea esteja tentando bater em seu sol. Certifique-se de perceber que voc\u00ea deve destruir completamente esses planetas, n\u00e3o apenas a vida neles.<\/p>\n\n\n\n<p>Tenha cuidado, se voc\u00ea tirar o planeta de \u00f3rbita e afast\u00e1-lo da estrela, ou se ele sobreviver \u00e0 colis\u00e3o e viajar para longe, voc\u00ea precisar\u00e1 persegui-lo e destru\u00ed-lo antes que o planeta se afaste muito dos outros. Isso acontece se voc\u00ea n\u00e3o derruba os escudos no primeiro impacto, pois os escudos absorvem o dano da colis\u00e3o estelar. Se isso acontecer, voc\u00ea vai terminar a miss\u00e3o como se tivesse fugido, perdendo o desbloqueio Por que voc\u00ea me matou? a menos que reinicie a cadeia.<\/p>\n\n\n\n<p>Finalmente, um ponto \u00fatil a ser observado \u00e9 que, se voc\u00ea n\u00e3o tiver vida em seu planeta, as for\u00e7as hostis ir\u00e3o ignor\u00e1-lo at\u00e9 que voc\u00ea danifique significativamente o planeta por meio de uma colis\u00e3o. Voc\u00ea pode usar isso para trabalhar como um pequeno planeta e usar t\u00e1ticas de bater e correr para lan\u00e7ar os planetas em sua estrela antes de fugir para consumir qualquer massa perdida. O perigo desse m\u00e9todo \u00e9 que, se voc\u00ea impelir um planeta para longe da estrela, pode n\u00e3o ter massa suficiente para sobreviver e destru\u00ed-lo antes de completar a miss\u00e3o como se voc\u00ea tivesse fugido.<\/p>\n\n\n\n<div class=\"wp-block-image\"><figure class=\"aligncenter size-large\"><img decoding=\"async\" width=\"1024\" height=\"576\" src=\"https:\/\/solar2.standardof.net\/wp-content\/uploads\/sites\/2\/2020\/10\/Solar-2-Planet-Stage-Experiment-Mission-2-Why-Did-You-Kill-Me-1024x576.jpg\" alt=\"\" class=\"wp-image-97\" srcset=\"https:\/\/solar2.standardof.net\/wp-content\/uploads\/sites\/2\/2020\/10\/Solar-2-Planet-Stage-Experiment-Mission-2-Why-Did-You-Kill-Me-1024x576.jpg 1024w, https:\/\/solar2.standardof.net\/wp-content\/uploads\/sites\/2\/2020\/10\/Solar-2-Planet-Stage-Experiment-Mission-2-Why-Did-You-Kill-Me-300x169.jpg 300w, https:\/\/solar2.standardof.net\/wp-content\/uploads\/sites\/2\/2020\/10\/Solar-2-Planet-Stage-Experiment-Mission-2-Why-Did-You-Kill-Me-16x9.jpg 16w, https:\/\/solar2.standardof.net\/wp-content\/uploads\/sites\/2\/2020\/10\/Solar-2-Planet-Stage-Experiment-Mission-2-Why-Did-You-Kill-Me.jpg 1280w\" sizes=\"(max-width: 1024px) 100vw, 1024px\" \/><figcaption>Um dos planetas atingidos rebate na estrela devido aos seus escudos ainda estarem levantados.<\/figcaption><\/figure><\/div>\n\n\n\n<hr class=\"wp-block-separator\"\/>\n\n\n\n<h3 class=\"has-text-align-center wp-block-heading\">Porque me matou?&quot; Guia em v\u00eddeo de conquistas<\/h3>\n\n\n\n<figure class=\"wp-block-embed-youtube wp-block-embed is-type-video is-provider-youtube wp-embed-aspect-16-9 wp-has-aspect-ratio\"><div class=\"wp-block-embed__wrapper\">\n<div class=\"ast-oembed-container\" style=\"height: 100%;\"><iframe title=\"Solar 2 - Por que voc\u00ea me matou? Passo a passo de conquistas\" width=\"500\" height=\"281\" src=\"https:\/\/www.youtube.com\/embed\/k9XVaiCxl1E?feature=oembed\" frameborder=\"0\" allow=\"accelerometer; autoplay; clipboard-write; encrypted-media; gyroscope; picture-in-picture; web-share\" referrerpolicy=\"strict-origin-when-cross-origin\" allowfullscreen><\/iframe><\/div>\n<\/div><\/figure>","protected":false},"excerpt":{"rendered":"<p>Experiment Missions The Experiment chain of levels in Solar 2 begin to incorporate some psychological trickery into your tasks presented by the Entity. The second level has 2 methods of completion, the more complicated of which unlocks the Why did you kill me? achievement and will be covered in a separate section below. Tips for [&hellip;]<\/p>","protected":false},"author":1,"featured_media":12,"parent":78,"menu_order":0,"comment_status":"open","ping_status":"closed","template":"","meta":{"_uag_custom_page_level_css":"","site-sidebar-layout":"default","site-content-layout":"default","ast-site-content-layout":"","site-content-style":"default","site-sidebar-style":"default","ast-global-header-display":"","ast-banner-title-visibility":"","ast-main-header-display":"","ast-hfb-above-header-display":"","ast-hfb-below-header-display":"","ast-hfb-mobile-header-display":"","site-post-title":"","ast-breadcrumbs-content":"","ast-featured-img":"","footer-sml-layout":"","theme-transparent-header-meta":"default","adv-header-id-meta":"","stick-header-meta":"","header-above-stick-meta":"","header-main-stick-meta":"","header-below-stick-meta":"","astra-migrate-meta-layouts":"default","ast-page-background-enabled":"default","ast-page-background-meta":{"desktop":{"background-color":"","background-image":"","background-repeat":"repeat","background-position":"center center","background-size":"auto","background-attachment":"scroll","background-type":"","background-media":"","overlay-type":"","overlay-color":"","overlay-gradient":""},"tablet":{"background-color":"","background-image":"","background-repeat":"repeat","background-position":"center center","background-size":"auto","background-attachment":"scroll","background-type":"","background-media":"","overlay-type":"","overlay-color":"","overlay-gradient":""},"mobile":{"background-color":"","background-image":"","background-repeat":"repeat","background-position":"center center","background-size":"auto","background-attachment":"scroll","background-type":"","background-media":"","overlay-type":"","overlay-color":"","overlay-gradient":""}},"ast-content-background-meta":{"desktop":{"background-color":"var(--ast-global-color-5)","background-image":"","background-repeat":"repeat","background-position":"center center","background-size":"auto","background-attachment":"scroll","background-type":"","background-media":"","overlay-type":"","overlay-color":"","overlay-gradient":""},"tablet":{"background-color":"var(--ast-global-color-5)","background-image":"","background-repeat":"repeat","background-position":"center center","background-size":"auto","background-attachment":"scroll","background-type":"","background-media":"","overlay-type":"","overlay-color":"","overlay-gradient":""},"mobile":{"background-color":"var(--ast-global-color-5)","background-image":"","background-repeat":"repeat","background-position":"center center","background-size":"auto","background-attachment":"scroll","background-type":"","background-media":"","overlay-type":"","overlay-color":"","overlay-gradient":""}},"footnotes":""},"uagb_featured_image_src":{"full":["https:\/\/solar2.standardof.net\/wp-content\/uploads\/sites\/2\/2020\/10\/Solar-2-Header-Background-1.jpeg",1680,1050,false],"thumbnail":["https:\/\/solar2.standardof.net\/wp-content\/uploads\/sites\/2\/2020\/10\/Solar-2-Header-Background-1-150x150.jpeg",150,150,true],"medium":["https:\/\/solar2.standardof.net\/wp-content\/uploads\/sites\/2\/2020\/10\/Solar-2-Header-Background-1-300x188.jpeg",300,188,true],"medium_large":["https:\/\/solar2.standardof.net\/wp-content\/uploads\/sites\/2\/2020\/10\/Solar-2-Header-Background-1.jpeg",768,480,false],"large":["https:\/\/solar2.standardof.net\/wp-content\/uploads\/sites\/2\/2020\/10\/Solar-2-Header-Background-1-1024x640.jpeg",1024,640,true],"1536x1536":["https:\/\/solar2.standardof.net\/wp-content\/uploads\/sites\/2\/2020\/10\/Solar-2-Header-Background-1.jpeg",1536,960,false],"2048x2048":["https:\/\/solar2.standardof.net\/wp-content\/uploads\/sites\/2\/2020\/10\/Solar-2-Header-Background-1.jpeg",1680,1050,false],"trp-custom-language-flag":["https:\/\/solar2.standardof.net\/wp-content\/uploads\/sites\/2\/2020\/10\/Solar-2-Header-Background-1-16x10.jpeg",16,10,true]},"uagb_author_info":{"display_name":"SOE","author_link":"https:\/\/solar2.standardof.net\/pt\/author\/k-tastic\/"},"uagb_comment_info":0,"uagb_excerpt":"Experiment Missions The Experiment chain of levels in Solar 2 begin to incorporate some psychological trickery into your tasks presented by the Entity. The second level has 2 methods of completion, the more complicated of which unlocks the Why did you kill me? achievement and will be covered in a separate section below. Tips for&hellip;","_links":{"self":[{"href":"https:\/\/solar2.standardof.net\/pt\/wp-json\/wp\/v2\/pages\/94"}],"collection":[{"href":"https:\/\/solar2.standardof.net\/pt\/wp-json\/wp\/v2\/pages"}],"about":[{"href":"https:\/\/solar2.standardof.net\/pt\/wp-json\/wp\/v2\/types\/page"}],"author":[{"embeddable":true,"href":"https:\/\/solar2.standardof.net\/pt\/wp-json\/wp\/v2\/users\/1"}],"replies":[{"embeddable":true,"href":"https:\/\/solar2.standardof.net\/pt\/wp-json\/wp\/v2\/comments?post=94"}],"version-history":[{"count":0,"href":"https:\/\/solar2.standardof.net\/pt\/wp-json\/wp\/v2\/pages\/94\/revisions"}],"up":[{"embeddable":true,"href":"https:\/\/solar2.standardof.net\/pt\/wp-json\/wp\/v2\/pages\/78"}],"wp:featuredmedia":[{"embeddable":true,"href":"https:\/\/solar2.standardof.net\/pt\/wp-json\/wp\/v2\/media\/12"}],"wp:attachment":[{"href":"https:\/\/solar2.standardof.net\/pt\/wp-json\/wp\/v2\/media?parent=94"}],"curies":[{"name":"wp","href":"https:\/\/api.w.org\/{rel}","templated":true}]}}