{"id":99,"date":"2020-10-14T00:28:24","date_gmt":"2020-10-14T00:28:24","guid":{"rendered":"https:\/\/solar2.standardof.net\/?page_id=99"},"modified":"2020-10-14T12:53:20","modified_gmt":"2020-10-14T12:53:20","slug":"fine-art-missions-gentle-but-firm-achievement","status":"publish","type":"page","link":"https:\/\/solar2.standardof.net\/pt\/solar-2-guide\/estagio-do-planeta-2\/belas-artes-missoes-gentis-mas-firmes-conquistas-2\/","title":{"rendered":"Miss\u00f5es de Belas Artes e a Conquista de &#039;Gentil, mas Firme&#039;"},"content":{"rendered":"<h2 class=\"wp-block-heading\">Miss\u00f5es de Belas Artes 1-3<\/h2>\n\n\n\n<p>A cadeia de miss\u00f5es Fine Art do videogame Solar 2 tem voc\u00ea como curador da Entidade e algumas de suas pe\u00e7as de arte celestial montadas na \u00e1rea. Cada miss\u00e3o apresenta uma tarefa diferente relacionada ao retorno dessas obras a um estado original.<\/p>\n\n\n\n<h3 class=\"wp-block-heading\">Dicas para esses n\u00edveis:<\/h3>\n\n\n\n<p>Geralmente, esses n\u00edveis s\u00e3o muito mais f\u00e1ceis de executar sem a exist\u00eancia de qualquer forma de vida em seu planeta. Voc\u00ea tamb\u00e9m pode morrer no n\u00edvel 2 sem ser penalizado; no entanto, se tocar em qualquer um dos planetas ou estrela no n\u00edvel 1 ou destruir completamente qualquer um dos planetas ou estrelas em qualquer um dos n\u00edveis, voc\u00ea falhar\u00e1 na miss\u00e3o. \u00c9 por isso que ter vida em seu planeta torna as coisas dif\u00edceis, j\u00e1 que muitas vezes eles v\u00e3o explodir um planeta at\u00e9 serem destru\u00eddos, em vez de simplesmente ajud\u00e1-lo com sua tarefa e seguir em frente.<\/p>\n\n\n\n<p>Infelizmente, devido \u00e0 natureza aleat\u00f3ria deste jogo, existe a possibilidade de outros planetas hostis ou naves N\u00f4mades entrarem e arruinarem o seu dia, for\u00e7ando o rein\u00edcio da miss\u00e3o. Por esse motivo, \u00e9 melhor concluir esses n\u00edveis em tempo h\u00e1bil para evitar que interfer\u00eancia externa se torne um problema.<\/p>\n\n\n\n<hr class=\"wp-block-separator\"\/>\n\n\n\n<h2 class=\"wp-block-heading\">Belas Artes 1<\/h2>\n\n\n\n<p>O n\u00edvel um come\u00e7a com voc\u00ea tendo que destruir todos os aster\u00f3ides orbitando os planetas em um sistema solar pr\u00f3ximo. Comece com os planetas externos trabalhando em seu caminho, combinando velocidades com os planetas e simplesmente posicionando-se dentro dos an\u00e9is de \u00f3rbita dos aster\u00f3ides, usando a tecla de \u00f3rbita (O) para v\u00ea-los, em vez de voar voc\u00ea mesmo para os aster\u00f3ides para evitar acidentalmente atingir o planetas. Certifique-se de que o planeta mais interno seja o seu \u00faltimo alvo, pois \u00e9 dif\u00edcil destruir o aster\u00f3ide final sem colidir com a estrela devido \u00e0 poderosa gravidade que ele possui.<\/p>\n\n\n\n<div class=\"wp-block-image\"><figure class=\"aligncenter size-large\"><img decoding=\"async\" width=\"1024\" height=\"576\" src=\"https:\/\/solar2.standardof.net\/wp-content\/uploads\/sites\/2\/2020\/10\/Solar-2-Planet-Stage-Fine-Art-Mission-1-1024x576.jpg\" alt=\"Belas Artes 1\" class=\"wp-image-100\" srcset=\"https:\/\/solar2.standardof.net\/wp-content\/uploads\/sites\/2\/2020\/10\/Solar-2-Planet-Stage-Fine-Art-Mission-1-1024x576.jpg 1024w, https:\/\/solar2.standardof.net\/wp-content\/uploads\/sites\/2\/2020\/10\/Solar-2-Planet-Stage-Fine-Art-Mission-1-300x169.jpg 300w, https:\/\/solar2.standardof.net\/wp-content\/uploads\/sites\/2\/2020\/10\/Solar-2-Planet-Stage-Fine-Art-Mission-1-16x9.jpg 16w, https:\/\/solar2.standardof.net\/wp-content\/uploads\/sites\/2\/2020\/10\/Solar-2-Planet-Stage-Fine-Art-Mission-1.jpg 1280w\" sizes=\"(max-width: 1024px) 100vw, 1024px\" \/><figcaption>Removendo os aster\u00f3ides sujos na Fine Art 1<\/figcaption><\/figure><\/div>\n\n\n\n<hr class=\"wp-block-separator\"\/>\n\n\n\n<h2 class=\"wp-block-heading\">Belas Artes 2<\/h2>\n\n\n\n<p>Sua pr\u00f3xima tarefa como curador das estrelas \u00e9 ir a outro sistema solar pr\u00f3ximo e modificar as \u00f3rbitas de seus planetas para que todos viajem no sentido anti-hor\u00e1rio ao redor da estrela. Voc\u00ea deve usar seu planeta para coincidir com a velocidade deles, lentamente contra os planetas que viajam no sentido hor\u00e1rio para det\u00ea-los antes de empurr\u00e1-los na dire\u00e7\u00e3o correta. Ligue a chave de caminho para ter uma no\u00e7\u00e3o adequada quando eles s\u00e3o corrigidos e se movem lentamente. Evite atingir esses planetas para n\u00e3o destru\u00ed-los completamente ou quebrar suas \u00f3rbitas e lembre-se de que esta miss\u00e3o permite que voc\u00ea renas\u00e7a se morrer. Veja a se\u00e7\u00e3o abaixo e o v\u00eddeo \u00e0 direita para a conquista Gentil, mas Firme.<\/p>\n\n\n\n<div class=\"wp-block-image\"><figure class=\"aligncenter size-large\"><img decoding=\"async\" width=\"1024\" height=\"576\" src=\"https:\/\/solar2.standardof.net\/wp-content\/uploads\/sites\/2\/2020\/10\/Solar-2-Planet-Stage-Fine-Art-Mission-2-1024x576.jpg\" alt=\"Belas Artes 2\" class=\"wp-image-101\" srcset=\"https:\/\/solar2.standardof.net\/wp-content\/uploads\/sites\/2\/2020\/10\/Solar-2-Planet-Stage-Fine-Art-Mission-2-1024x576.jpg 1024w, https:\/\/solar2.standardof.net\/wp-content\/uploads\/sites\/2\/2020\/10\/Solar-2-Planet-Stage-Fine-Art-Mission-2-300x169.jpg 300w, https:\/\/solar2.standardof.net\/wp-content\/uploads\/sites\/2\/2020\/10\/Solar-2-Planet-Stage-Fine-Art-Mission-2-16x9.jpg 16w, https:\/\/solar2.standardof.net\/wp-content\/uploads\/sites\/2\/2020\/10\/Solar-2-Planet-Stage-Fine-Art-Mission-2.jpg 1280w\" sizes=\"(max-width: 1024px) 100vw, 1024px\" \/><figcaption>Usando a tecla de caminho para corresponder \u00e0s velocidades e alterar as \u00f3rbitas dos planetas no n\u00edvel 2 de Belas Artes.<\/figcaption><\/figure><\/div>\n\n\n\n<hr class=\"wp-block-separator\"\/>\n\n\n\n<h2 class=\"wp-block-heading\">Belas Artes 3<\/h2>\n\n\n\n<p>Para sua tarefa final nesta cadeia, \u00e9 hora de exterminar um pouco da vida que se instalou em uma das esculturas pr\u00f3ximas. Viaje at\u00e9 o sistema solar alvo para encontrar um par de planetas dos quais voc\u00ea deve exterminar as criaturas. Fazer isso sem destruir completamente os planetas pode ser certamente complicado, no entanto, se voc\u00ea for r\u00e1pido o suficiente, esta miss\u00e3o pode se beneficiar por ter um Planeta de Vida de grande massa.<\/p>\n\n\n\n<p>Voc\u00ea vai querer pegar seu planeta e atacar suavemente ou triturar os planetas habitados para n\u00e3o quebrar suas \u00f3rbitas at\u00e9 que voc\u00ea possa retirar massa suficiente para interromper o processo de evolu\u00e7\u00e3o. Continue com a mesma t\u00e1tica contra o segundo planeta e voc\u00ea deve ser capaz de erradicar a vida em ambos enquanto sua vida est\u00e1 ocupando as espa\u00e7onaves defensoras, retendo apenas a massa suficiente para sobreviver ao processo.<\/p>\n\n\n\n<div class=\"wp-block-image\"><figure class=\"aligncenter size-large\"><img decoding=\"async\" width=\"1024\" height=\"576\" src=\"https:\/\/solar2.standardof.net\/wp-content\/uploads\/sites\/2\/2020\/10\/Solar-2-Planet-Stage-Fine-Art-Mission-3-1024x576.jpg\" alt=\"Belas Artes 3\" class=\"wp-image-102\" srcset=\"https:\/\/solar2.standardof.net\/wp-content\/uploads\/sites\/2\/2020\/10\/Solar-2-Planet-Stage-Fine-Art-Mission-3-1024x576.jpg 1024w, https:\/\/solar2.standardof.net\/wp-content\/uploads\/sites\/2\/2020\/10\/Solar-2-Planet-Stage-Fine-Art-Mission-3-300x169.jpg 300w, https:\/\/solar2.standardof.net\/wp-content\/uploads\/sites\/2\/2020\/10\/Solar-2-Planet-Stage-Fine-Art-Mission-3-16x9.jpg 16w, https:\/\/solar2.standardof.net\/wp-content\/uploads\/sites\/2\/2020\/10\/Solar-2-Planet-Stage-Fine-Art-Mission-3.jpg 1280w\" sizes=\"(max-width: 1024px) 100vw, 1024px\" \/><figcaption>Usando um Planeta da Vida para vaporizar rapidamente as formas de vida no n\u00edvel 3 das Belas Artes.<\/figcaption><\/figure><\/div>\n\n\n\n<hr class=\"wp-block-separator\"\/>\n\n\n\n<h3 class=\"has-text-align-center wp-block-heading\">Guia em v\u00eddeo de miss\u00f5es de belas artes<\/h3>\n\n\n\n<figure class=\"wp-block-embed-youtube wp-block-embed is-type-video is-provider-youtube wp-embed-aspect-16-9 wp-has-aspect-ratio\"><div class=\"wp-block-embed__wrapper\">\n<div class=\"ast-oembed-container\" style=\"height: 100%;\"><iframe title=\"Solar 2 Planet Missions - N\u00edveis de Belas Artes - Guia passo a passo\" width=\"500\" height=\"281\" src=\"https:\/\/www.youtube.com\/embed\/QSh66FgdCUE?feature=oembed\" frameborder=\"0\" allow=\"accelerometer; autoplay; clipboard-write; encrypted-media; gyroscope; picture-in-picture; web-share\" referrerpolicy=\"strict-origin-when-cross-origin\" allowfullscreen><\/iframe><\/div>\n<\/div><\/figure>\n\n\n\n<hr class=\"wp-block-separator\"\/>\n\n\n\n<h2 class=\"wp-block-heading\">Conquista \u201cGentil, mas Firme\u201d<\/h2>\n\n\n\n<p>Abordada principalmente no v\u00eddeo abaixo, essa conquista requer que voc\u00ea conclua o segundo n\u00edvel sem morrer. Isso pode ser dif\u00edcil porque, como um pequeno planeta, voc\u00ea n\u00e3o tem massa suficiente para triturar todos os planetas de que precisa de uma s\u00f3 vez. Para sobreviver a esse processo, voc\u00ea deve fazer um esfor\u00e7o para coletar rapidamente aster\u00f3ides da \u00e1rea pr\u00f3xima, corrigindo alguns planetas de cada vez. Tente praticar neste ponto a captura de aster\u00f3ides rapidamente, pois a interfer\u00eancia externa pode ser um grande problema neste n\u00edvel.<\/p>\n\n\n\n<h3 class=\"has-text-align-center wp-block-heading\">Guia em v\u00eddeo de realiza\u00e7\u00e3o \u201cGentil, mas firme\u201d<\/h3>\n\n\n\n<figure class=\"wp-block-embed-youtube wp-block-embed is-type-video is-provider-youtube wp-embed-aspect-16-9 wp-has-aspect-ratio\"><div class=\"wp-block-embed__wrapper\">\n<div class=\"ast-oembed-container\" style=\"height: 100%;\"><iframe title=\"Solar 2 - Suave, mas firme - Guia passo a passo de conquistas\" width=\"500\" height=\"281\" src=\"https:\/\/www.youtube.com\/embed\/5E_xhUlhkAA?feature=oembed\" frameborder=\"0\" allow=\"accelerometer; autoplay; clipboard-write; encrypted-media; gyroscope; picture-in-picture; web-share\" referrerpolicy=\"strict-origin-when-cross-origin\" allowfullscreen><\/iframe><\/div>\n<\/div><\/figure>","protected":false},"excerpt":{"rendered":"<p>Fine Art Missions 1-3 The Fine Art chain of missions in the video game Solar 2 have you working as curator for the Entity and some of its celestial art pieces set up in the area. Each mission presents a different task related to returning these works to a pristine state. Tips for these levels: [&hellip;]<\/p>","protected":false},"author":1,"featured_media":12,"parent":78,"menu_order":0,"comment_status":"open","ping_status":"closed","template":"","meta":{"_uag_custom_page_level_css":"","site-sidebar-layout":"default","site-content-layout":"default","ast-site-content-layout":"","site-content-style":"default","site-sidebar-style":"default","ast-global-header-display":"","ast-banner-title-visibility":"","ast-main-header-display":"","ast-hfb-above-header-display":"","ast-hfb-below-header-display":"","ast-hfb-mobile-header-display":"","site-post-title":"","ast-breadcrumbs-content":"","ast-featured-img":"","footer-sml-layout":"","theme-transparent-header-meta":"default","adv-header-id-meta":"","stick-header-meta":"","header-above-stick-meta":"","header-main-stick-meta":"","header-below-stick-meta":"","astra-migrate-meta-layouts":"default","ast-page-background-enabled":"default","ast-page-background-meta":{"desktop":{"background-color":"","background-image":"","background-repeat":"repeat","background-position":"center center","background-size":"auto","background-attachment":"scroll","background-type":"","background-media":"","overlay-type":"","overlay-color":"","overlay-gradient":""},"tablet":{"background-color":"","background-image":"","background-repeat":"repeat","background-position":"center center","background-size":"auto","background-attachment":"scroll","background-type":"","background-media":"","overlay-type":"","overlay-color":"","overlay-gradient":""},"mobile":{"background-color":"","background-image":"","background-repeat":"repeat","background-position":"center center","background-size":"auto","background-attachment":"scroll","background-type":"","background-media":"","overlay-type":"","overlay-color":"","overlay-gradient":""}},"ast-content-background-meta":{"desktop":{"background-color":"var(--ast-global-color-5)","background-image":"","background-repeat":"repeat","background-position":"center center","background-size":"auto","background-attachment":"scroll","background-type":"","background-media":"","overlay-type":"","overlay-color":"","overlay-gradient":""},"tablet":{"background-color":"var(--ast-global-color-5)","background-image":"","background-repeat":"repeat","background-position":"center center","background-size":"auto","background-attachment":"scroll","background-type":"","background-media":"","overlay-type":"","overlay-color":"","overlay-gradient":""},"mobile":{"background-color":"var(--ast-global-color-5)","background-image":"","background-repeat":"repeat","background-position":"center center","background-size":"auto","background-attachment":"scroll","background-type":"","background-media":"","overlay-type":"","overlay-color":"","overlay-gradient":""}},"footnotes":""},"uagb_featured_image_src":{"full":["https:\/\/solar2.standardof.net\/wp-content\/uploads\/sites\/2\/2020\/10\/Solar-2-Header-Background-1.jpeg",1680,1050,false],"thumbnail":["https:\/\/solar2.standardof.net\/wp-content\/uploads\/sites\/2\/2020\/10\/Solar-2-Header-Background-1-150x150.jpeg",150,150,true],"medium":["https:\/\/solar2.standardof.net\/wp-content\/uploads\/sites\/2\/2020\/10\/Solar-2-Header-Background-1-300x188.jpeg",300,188,true],"medium_large":["https:\/\/solar2.standardof.net\/wp-content\/uploads\/sites\/2\/2020\/10\/Solar-2-Header-Background-1.jpeg",768,480,false],"large":["https:\/\/solar2.standardof.net\/wp-content\/uploads\/sites\/2\/2020\/10\/Solar-2-Header-Background-1-1024x640.jpeg",1024,640,true],"1536x1536":["https:\/\/solar2.standardof.net\/wp-content\/uploads\/sites\/2\/2020\/10\/Solar-2-Header-Background-1.jpeg",1536,960,false],"2048x2048":["https:\/\/solar2.standardof.net\/wp-content\/uploads\/sites\/2\/2020\/10\/Solar-2-Header-Background-1.jpeg",1680,1050,false],"trp-custom-language-flag":["https:\/\/solar2.standardof.net\/wp-content\/uploads\/sites\/2\/2020\/10\/Solar-2-Header-Background-1-16x10.jpeg",16,10,true]},"uagb_author_info":{"display_name":"SOE","author_link":"https:\/\/solar2.standardof.net\/pt\/author\/k-tastic\/"},"uagb_comment_info":0,"uagb_excerpt":"Fine Art Missions 1-3 The Fine Art chain of missions in the video game Solar 2 have you working as curator for the Entity and some of its celestial art pieces set up in the area. Each mission presents a different task related to returning these works to a pristine state. Tips for these levels:&hellip;","_links":{"self":[{"href":"https:\/\/solar2.standardof.net\/pt\/wp-json\/wp\/v2\/pages\/99"}],"collection":[{"href":"https:\/\/solar2.standardof.net\/pt\/wp-json\/wp\/v2\/pages"}],"about":[{"href":"https:\/\/solar2.standardof.net\/pt\/wp-json\/wp\/v2\/types\/page"}],"author":[{"embeddable":true,"href":"https:\/\/solar2.standardof.net\/pt\/wp-json\/wp\/v2\/users\/1"}],"replies":[{"embeddable":true,"href":"https:\/\/solar2.standardof.net\/pt\/wp-json\/wp\/v2\/comments?post=99"}],"version-history":[{"count":0,"href":"https:\/\/solar2.standardof.net\/pt\/wp-json\/wp\/v2\/pages\/99\/revisions"}],"up":[{"embeddable":true,"href":"https:\/\/solar2.standardof.net\/pt\/wp-json\/wp\/v2\/pages\/78"}],"wp:featuredmedia":[{"embeddable":true,"href":"https:\/\/solar2.standardof.net\/pt\/wp-json\/wp\/v2\/media\/12"}],"wp:attachment":[{"href":"https:\/\/solar2.standardof.net\/pt\/wp-json\/wp\/v2\/media?parent=99"}],"curies":[{"name":"wp","href":"https:\/\/api.w.org\/{rel}","templated":true}]}}